{"id":6905,"date":"2026-05-06T07:11:14","date_gmt":"2026-05-06T07:11:14","guid":{"rendered":"https:\/\/symposium.ttmd.org.tr\/?page_id=6905"},"modified":"2026-05-06T07:40:23","modified_gmt":"2026-05-06T07:40:23","slug":"ismail-can","status":"publish","type":"page","link":"https:\/\/symposium.ttmd.org.tr\/tr\/ismail-can\/","title":{"rendered":"\u0130smail Can"},"content":{"rendered":"<p><div class=\"fusion-fullwidth fullwidth-box fusion-builder-row-1 fusion-flex-container nonhundred-percent-fullwidth non-hundred-percent-height-scrolling\" style=\"--awb-border-radius-top-left:0px;--awb-border-radius-top-right:0px;--awb-border-radius-bottom-right:0px;--awb-border-radius-bottom-left:0px;--awb-padding-top:20px;--awb-padding-bottom:50px;--awb-flex-wrap:wrap;\" ><div class=\"fusion-builder-row fusion-row fusion-flex-align-items-flex-start fusion-flex-content-wrap\" style=\"max-width:1216.8px;margin-left: calc(-4% \/ 2 );margin-right: calc(-4% \/ 2 );\"><div class=\"fusion-layout-column fusion_builder_column fusion-builder-column-0 fusion_builder_column_1_6 1_6 fusion-flex-column\" style=\"--awb-bg-size:cover;--awb-width-large:16.666666666667%;--awb-margin-top-large:0px;--awb-spacing-right-large:11.52%;--awb-margin-bottom-large:20px;--awb-spacing-left-large:11.52%;--awb-width-medium:100%;--awb-order-medium:0;--awb-spacing-right-medium:1.92%;--awb-spacing-left-medium:1.92%;--awb-width-small:100%;--awb-order-small:0;--awb-spacing-right-small:1.92%;--awb-spacing-left-small:1.92%;\"><div class=\"fusion-column-wrapper fusion-column-has-shadow fusion-flex-justify-content-flex-start fusion-content-layout-column\"><div class=\"fusion-image-element\" style=\"--awb-caption-title-font-family:var(--h2_typography-font-family);--awb-caption-title-font-weight:var(--h2_typography-font-weight);--awb-caption-title-font-style:var(--h2_typography-font-style);--awb-caption-title-size:var(--h2_typography-font-size);--awb-caption-title-transform:var(--h2_typography-text-transform);--awb-caption-title-line-height:var(--h2_typography-line-height);--awb-caption-title-letter-spacing:var(--h2_typography-letter-spacing);\"><span class=\"fusion-imageframe imageframe-dropshadow imageframe-1 hover-type-none\" style=\"-webkit-box-shadow: 3px 3px 7px var(--awb-color8);box-shadow: 3px 3px 7px var(--awb-color8);\"><img decoding=\"async\" width=\"150\" height=\"197\" src=\"data:image\/svg+xml,%3Csvg%20xmlns%3D%27http%3A%2F%2Fwww.w3.org%2F2000%2Fsvg%27%20width%3D%27150%27%20height%3D%27197%27%20viewBox%3D%270%200%20150%20197%27%3E%3Crect%20width%3D%27150%27%20height%3D%27197%27%20fill-opacity%3D%220%22%2F%3E%3C%2Fsvg%3E\" data-orig-src=\"https:\/\/symposium.ttmd.org.tr\/wp-content\/uploads\/2026\/05\/ismail.jpg\" alt class=\"lazyload img-responsive wp-image-6904\"\/><\/span><\/div><\/div><\/div><div class=\"fusion-layout-column fusion_builder_column fusion-builder-column-1 fusion_builder_column_5_6 5_6 fusion-flex-column\" style=\"--awb-bg-size:cover;--awb-width-large:83.333333333333%;--awb-margin-top-large:0px;--awb-spacing-right-large:2.304%;--awb-margin-bottom-large:20px;--awb-spacing-left-large:2.304%;--awb-width-medium:100%;--awb-order-medium:0;--awb-spacing-right-medium:1.92%;--awb-spacing-left-medium:1.92%;--awb-width-small:100%;--awb-order-small:0;--awb-spacing-right-small:1.92%;--awb-spacing-left-small:1.92%;\"><div class=\"fusion-column-wrapper fusion-column-has-shadow fusion-flex-justify-content-flex-start fusion-content-layout-column\"><div class=\"fusion-text fusion-text-1\"><h3>\u0130smail CAN<br \/>Arup Engineering<br \/>Senior Consultant<\/h3>\n<p>Orta \u00f6\u011frenimini \u0130stanbul Erkek Lisesi\u2018nde yapm\u0131\u015ft\u0131r. Daha sonra 1976 y\u0131l\u0131nda Bo\u011fazi\u00e7i\n\u00dcniversitesi Bilgisayar b\u00f6l\u00fcm\u00fcnden ve 1980 y\u0131l\u0131nda Bo\u011fazi\u00e7i \u00dcniversitesi Makina\nM\u00fchendisli\u011fi b\u00f6l\u00fcm\u00fcnden mezun olmu\u015ftur.<\/p>\n<p>1980 \u2013 1984 y\u0131llar\u0131 aras\u0131nda Efes Pilsen ve Boral M\u00fchendislik te \u00e7al\u0131\u015fm\u0131\u015ft\u0131r. Bu d\u00f6nemde\nPetlas Lastik Fabrikas\u0131 mekanik tesisat projelerinde tasar\u0131m ekip liderli\u011fi yapm\u0131\u015ft\u0131r. 1984 y\u0131l\u0131 sonunda Avustralya\u2019ya gitmi\u015ftir.<\/p>\n<p>1985 \u2013 1993 y\u0131llar\u0131 aras\u0131nda Avustralya ve Singapur da y\u00fcksek binalar\u0131n mekanik\nprojelerinde \u00e7al\u0131\u015fm\u0131\u015ft\u0131r. Bu d\u00f6nemdeki maj\u00f6r projeleri:<\/p>\n<p>\u2022 Suntec City \u2013 Singapore<br \/>\u2022 Hobart Sheraton Hotel (Avustralya)<br \/>\u2022 Cairns Parkroyal Hotel (Cairns, Avustralya)<br \/>\u2022 Shangri-La International Hotel (Jakarta, Endonezya)<br \/>\u2022 War Memorial Museum (Sava\u015f An\u0131lar\u0131 M\u00fczesi) (Canberra, Avustralya)<br \/>\u2022 GIO Bilgisayar Merkezi (Sydney, Avustralya)<br \/>\u2022 Charbon Collieries (K\u00f6m\u00fcr Madenleri Havaland\u0131rmas\u0131) (Hunter Valley, Avustralya)<br \/>\u2022 NSW \u00dcniversitesi (Sydney, Avustralya)<br \/>\u2022 Atom Enerjisi Merkezi (Sydney, Avustralya)<\/p>\n<p>1993 y\u0131l\u0131nda \u0130stanbul\u2019a d\u00f6nerek Birikim M\u00fchendislik Proje Ltd. \u015eti.ni kurmu\u015ftur. 1993 \u2013 2013 y\u0131llar\u0131 aras\u0131nda 100\u2019den fazla orta ve b\u00fcy\u00fck \u00f6l\u00e7ekli projelerin mekanik sistemlerinin tasar\u0131m\u0131n\u0131\ntamamlam\u0131\u015ft\u0131r. Bu d\u00f6nemdeki maj\u00f6r projeler:<\/p>\n<p>\u2022 \u0130stinye Park Al\u0131\u015fveri\u015f Merkezi ve Rezidans (\u0130stanbul)<br \/>\u2022 Trump Towers Al\u0131\u015fveri\u015f Merkezi ve Rezidans (\u0130stanbul)<br \/>\u2022 Kempinski Al\u0131\u015fveri\u015f Merkezi ve Rezidans (\u0130stanbul)<br \/>\u2022 Metro City (\u0130stanbul)<br \/>\u2022 S\u00fczer Plaza G\u00f6kkafes (\u0130stanbul)<br \/>\u2022 Bomonti Hilton (\u0130stanbul)<br \/>\u2022 Sabanc\u0131 \u00dcniversitesi Kamp\u00fcs\u00fc ve Nanoteknoloji Merkezi (\u0130stanbul)<br \/>\u2022 Moskova Vergi Dairesi (Rusya)<br \/>\u2022 Interhotel Petrograd (Rusya)<br \/>\u2022 Askeri Hastane ve Tiyatro binalar\u0131 (A\u015fkabat)<br \/>\u2022 Dubai Palm Jumeirah Village Centre (Dubai)<\/p>\n<p>2013 y\u0131l\u0131nda Avustralya\u2019 ya geri d\u00f6nm\u00fc\u015f ve \u00f6zel kritik projelerin (temiz mahaller, ara\u015ft\u0131rma-\ngeli\u015ftirme merkezleri, laboratuvarlar, veri merkezleri, hastaneler) mekanik tasar\u0131m\u0131\nkonular\u0131nda uzmanla\u015fm\u0131\u015ft\u0131r. 2014 \u2013 2022 y\u0131llar\u0131 aras\u0131ndaki maj\u00f6r projeleri \u015f\u00f6yledir:<\/p>\n<p>\u2022 UA Farmakolojik Steril Kozmetik Fabrikas\u0131 (Melbourne, Avustralya)<br \/>\u2022 Sypharma Pharmaceuticals (Melbourne, Avustralya)<br \/>\u2022 Monash, Swinburne, Melbourne \u00dcniversiteleri Mass Spectroscopy ve Cryogenic\nLaboratuarlar\u0131 (Melbourne, Avustralya)<br \/>\u2022 Avustralya Antarktika Ara\u015ft\u0131rmalar\u0131 Laboratuarlar\u0131 (Tasmania Avustralya)<br \/>\u2022 Australian National University yar\u0131 iletken geli\u015ftirme merkezi (Canberra Avustralya)<br \/>\u2022 \u00c7e\u015fitli Hastaneler<\/p>\n<p>2022 y\u0131l\u0131nda \u0130ngiltere Londra ya giderek Arup Engineering Group da Senior Consultant\nolarak karbondan ar\u0131nd\u0131rma, enerji verimlili\u011fi ve b\u00fcy\u00fck veri merkezleri konular\u0131nda\n\u00e7al\u0131\u015fm\u0131\u015ft\u0131r. 2022 \u2013 2024 aras\u0131ndaki maj\u00f6r projeleri \u015f\u00f6yledir:<\/p>\n<p>\u2022 Francis Crick biyokimya ve ara\u015ft\u0131rma enstit\u00fcs\u00fc dekarbonizasyon, veri merkezi ve\ns\u00fcrd\u00fcr\u00fclebilir so\u011futma suyu sistemleri (Londra, \u0130ngiltere)<br \/>\u2022 1 Triton Square ara\u015ft\u0131ma enstit\u00fcs\u00fc dekarbonizasyon ve enerji verimlili\u011fi sistemleri\n(Londra, \u0130ngiltere)<br \/>\u2022 Khorfakkan Ara\u015ft\u0131rma Enstit\u00fcs\u00fc mekanik sistemleri tasar\u0131m\u0131 (BAE)<\/p>\n<p>2024 y\u0131l\u0131 ortas\u0131nda \u0130stanbul\u2019a geri d\u00f6nm\u00fc\u015ft\u00fcr. Halen Arup M\u00fchendislik T\u00fcrkiye de Senior\nConsultant olarak b\u00fcy\u00fck veri merkezleri ve dekarbonizasyon konular\u0131nda \u00e7al\u0131\u015fmaktad\u0131r.<\/p>\n<p><strong>\u0130smail Can\u2019\u0131n uluslararas\u0131 profesyonel uzmanl\u0131k ve \u00fcyelik durumu \u015f\u00f6yledir:<\/strong><\/p>\n<p>\u2022 Avustralya M\u00fchendisleri Enstit\u00fcs\u00fc \u2013 Yetkili Profesyonel M\u00fchendis<br \/>\u2022 Avustralya NSW ve Victoria eyaletleri \u2013 Kay\u0131tl\u0131 Sorumlu Profesyonel M\u00fchendis<br \/>\u2022 Asia Pacific Economic Cooperation \u2013 Uluslararas\u0131 Profesyonel M\u00fchendislik<br \/>\u2022 A.B.D. ASHRAE \u2013 Ya\u015fam Boyu \u00dcyelik<br \/>\u2022 \u0130ngiltere CIBSE \u2013 Uzman \u00dcyelik<\/p>\n<p>\u0130ngilizce ve Almanca bilmektedir.<\/p>\n<p><a href=\"https:\/\/symposium.ttmd.org.tr\/tr\/speakers-26\/\"><strong><span style=\"color: #0000ff;\">\u21d0\u00a0geri<\/span><\/strong><\/a><\/p>\n<\/div><\/div><\/div><\/div><\/div><div class=\"fusion-fullwidth fullwidth-box fusion-builder-row-2 fusion-flex-container fusion-parallax-none nonhundred-percent-fullwidth non-hundred-percent-height-scrolling lazyload\" style=\"--awb-border-radius-top-left:0px;--awb-border-radius-top-right:0px;--awb-border-radius-bottom-right:0px;--awb-border-radius-bottom-left:0px;--awb-background-size:cover;--awb-flex-wrap:wrap;\" data-bg=\"https:\/\/symposium.ttmd.org.tr\/wp-content\/uploads\/2022\/06\/1234-2.jpg\" ><div class=\"fusion-builder-row fusion-row fusion-flex-align-items-flex-start fusion-flex-content-wrap\" style=\"max-width:1216.8px;margin-left: calc(-4% \/ 2 );margin-right: calc(-4% \/ 2 );\"><div class=\"fusion-layout-column fusion_builder_column fusion-builder-column-2 fusion_builder_column_1_1 1_1 fusion-flex-column\" style=\"--awb-bg-size:cover;--awb-width-large:100%;--awb-margin-top-large:0px;--awb-spacing-right-large:1.92%;--awb-margin-bottom-large:20px;--awb-spacing-left-large:1.92%;--awb-width-medium:100%;--awb-order-medium:0;--awb-spacing-right-medium:1.92%;--awb-spacing-left-medium:1.92%;--awb-width-small:100%;--awb-order-small:0;--awb-spacing-right-small:1.92%;--awb-spacing-left-small:1.92%;\"><div class=\"fusion-column-wrapper fusion-column-has-shadow fusion-flex-justify-content-flex-start fusion-content-layout-column\"><div class=\"fusion-separator\" style=\"align-self: center;margin-left: auto;margin-right: auto;width:100%;max-width:70%;\"><div class=\"fusion-separator-border sep-shadow\" style=\"--awb-height:20px;--awb-amount:20px;--awb-sep-color:#dddddd;background:radial-gradient(ellipse at 50% -50% , #dddddd 0px, rgba(255, 255, 255, 0) 80%) repeat scroll 0 0 rgba(0, 0, 0, 0);background:-webkit-radial-gradient(ellipse at 50% -50% , #dddddd 0px, rgba(255, 255, 255, 0) 80%) repeat scroll 0 0 rgba(0, 0, 0, 0);background:-moz-radial-gradient(ellipse at 50% -50% , #dddddd 0px, rgba(255, 255, 255, 0) 80%) repeat scroll 0 0 rgba(0, 0, 0, 0);background:-o-radial-gradient(ellipse at 50% -50% , #dddddd 0px, rgba(255, 255, 255, 0) 80%) repeat scroll 0 0 rgba(0, 0, 0, 0);\"><\/div><\/div><\/div><\/div><div class=\"fusion-layout-column fusion_builder_column fusion-builder-column-3 fusion_builder_column_1_2 1_2 fusion-flex-column\" style=\"--awb-bg-size:cover;--awb-width-large:50%;--awb-margin-top-large:0px;--awb-spacing-right-large:3.84%;--awb-margin-bottom-large:20px;--awb-spacing-left-large:3.84%;--awb-width-medium:100%;--awb-order-medium:0;--awb-spacing-right-medium:1.92%;--awb-spacing-left-medium:1.92%;--awb-width-small:100%;--awb-order-small:0;--awb-spacing-right-small:1.92%;--awb-spacing-left-small:1.92%;\"><div class=\"fusion-column-wrapper fusion-column-has-shadow fusion-flex-justify-content-flex-start fusion-content-layout-column\"><div class=\"fusion-text fusion-text-2\"><h4>Sempozyum \u0130leti\u015fim<\/h4>\n<p>Eventuum<\/p>\n<p><img decoding=\"async\" class=\"lazyload size-full wp-image-5445 alignnone\" src=\"https:\/\/symposium.ttmd.org.tr\/wp-content\/uploads\/2022\/06\/33-01-02.png\" data-orig-src=\"https:\/\/symposium.ttmd.org.tr\/wp-content\/uploads\/2022\/06\/33-01-02.png\" alt=\"\" width=\"32\" height=\"23\" srcset=\"data:image\/svg+xml,%3Csvg%20xmlns%3D%27http%3A%2F%2Fwww.w3.org%2F2000%2Fsvg%27%20width%3D%2732%27%20height%3D%2723%27%20viewBox%3D%270%200%2032%2023%27%3E%3Crect%20width%3D%2732%27%20height%3D%2723%27%20fill-opacity%3D%220%22%2F%3E%3C%2Fsvg%3E\" data-srcset=\"https:\/\/symposium.ttmd.org.tr\/wp-content\/uploads\/2022\/06\/33-01-02-18x12.png 18w, https:\/\/symposium.ttmd.org.tr\/wp-content\/uploads\/2022\/06\/33-01-02.png 32w\" data-sizes=\"auto\" data-orig-sizes=\"(max-width: 32px) 100vw, 32px\" \/>+90 212 258 48 48 (pbx)<\/p>\n<p><img decoding=\"async\" class=\"lazyload size-full wp-image-5447 alignnone\" src=\"https:\/\/symposium.ttmd.org.tr\/wp-content\/uploads\/2022\/06\/33-01-01.png\" data-orig-src=\"https:\/\/symposium.ttmd.org.tr\/wp-content\/uploads\/2022\/06\/33-01-01.png\" alt=\"\" width=\"32\" height=\"23\" srcset=\"data:image\/svg+xml,%3Csvg%20xmlns%3D%27http%3A%2F%2Fwww.w3.org%2F2000%2Fsvg%27%20width%3D%2732%27%20height%3D%2723%27%20viewBox%3D%270%200%2032%2023%27%3E%3Crect%20width%3D%2732%27%20height%3D%2723%27%20fill-opacity%3D%220%22%2F%3E%3C%2Fsvg%3E\" data-srcset=\"https:\/\/symposium.ttmd.org.tr\/wp-content\/uploads\/2022\/06\/33-01-01-18x12.png 18w, https:\/\/symposium.ttmd.org.tr\/wp-content\/uploads\/2022\/06\/33-01-01.png 32w\" data-sizes=\"auto\" data-orig-sizes=\"(max-width: 32px) 100vw, 32px\" \/><a href=\"https:\/\/mail.google.com\/mail\/?view=cm&amp;fs=1&amp;tf=1&amp;to=ttmd@eventuum.net\" target=\"_blank\" rel=\"noopener\">\u00a0ttmd@eventuum.net<\/a><\/p>\n<\/div><\/div><\/div><div class=\"fusion-layout-column fusion_builder_column fusion-builder-column-4 fusion_builder_column_1_2 1_2 fusion-flex-column\" style=\"--awb-bg-size:cover;--awb-width-large:50%;--awb-margin-top-large:0px;--awb-spacing-right-large:3.84%;--awb-margin-bottom-large:20px;--awb-spacing-left-large:3.84%;--awb-width-medium:100%;--awb-order-medium:0;--awb-spacing-right-medium:1.92%;--awb-spacing-left-medium:1.92%;--awb-width-small:100%;--awb-order-small:0;--awb-spacing-right-small:1.92%;--awb-spacing-left-small:1.92%;\"><div class=\"fusion-column-wrapper fusion-column-has-shadow fusion-flex-justify-content-flex-start fusion-content-layout-column\"><div class=\"fusion-text fusion-text-3\"><h4><strong>Sempozyum Organizat\u00f6r\u00fc<\/strong><\/h4>\n<p>T\u00fcrk Tesisat M\u00fchendisleri Derne\u011fi<\/p>\n<p>www.ttmd.org.tr<\/p>\n<h4><strong>Sempozyum Sekreteryas\u0131<\/strong><\/h4>\n<p><a href=\"\/tr\/Bildiri \u00f6zetleri 500 kelimeyi ge\u00e7meyecek \u015fekilde haz\u0131rlanmal\u0131d\u0131r.  Online Bildiri \u00d6zeti g\u00f6nderiminde sorun ya\u015fanmas\u0131 halinde bildiri \u00f6zetleri symposium@ttmd.org.tr adresine de y\u00f6nlendirilebilir.\/\" target=\"_blank\" rel=\"noopener\">E-mail: symposium@ttmd.org.tr<\/a><\/p>\n<\/div><\/div><\/div><\/div><\/div><\/p>","protected":false},"excerpt":{"rendered":"","protected":false},"author":1,"featured_media":0,"parent":0,"menu_order":0,"comment_status":"closed","ping_status":"closed","template":"100-width.php","meta":{"footnotes":""},"class_list":["post-6905","page","type-page","status-publish","hentry"],"_links":{"self":[{"href":"https:\/\/symposium.ttmd.org.tr\/tr\/wp-json\/wp\/v2\/pages\/6905","targetHints":{"allow":["GET"]}}],"collection":[{"href":"https:\/\/symposium.ttmd.org.tr\/tr\/wp-json\/wp\/v2\/pages"}],"about":[{"href":"https:\/\/symposium.ttmd.org.tr\/tr\/wp-json\/wp\/v2\/types\/page"}],"author":[{"embeddable":true,"href":"https:\/\/symposium.ttmd.org.tr\/tr\/wp-json\/wp\/v2\/users\/1"}],"replies":[{"embeddable":true,"href":"https:\/\/symposium.ttmd.org.tr\/tr\/wp-json\/wp\/v2\/comments?post=6905"}],"version-history":[{"count":7,"href":"https:\/\/symposium.ttmd.org.tr\/tr\/wp-json\/wp\/v2\/pages\/6905\/revisions"}],"predecessor-version":[{"id":6921,"href":"https:\/\/symposium.ttmd.org.tr\/tr\/wp-json\/wp\/v2\/pages\/6905\/revisions\/6921"}],"wp:attachment":[{"href":"https:\/\/symposium.ttmd.org.tr\/tr\/wp-json\/wp\/v2\/media?parent=6905"}],"curies":[{"name":"wp","href":"https:\/\/api.w.org\/{rel}","templated":true}]}}