{"id":6655,"date":"2025-12-19T12:31:18","date_gmt":"2025-12-19T12:31:18","guid":{"rendered":"https:\/\/symposium.ttmd.org.tr\/?page_id=6655"},"modified":"2025-12-23T10:36:26","modified_gmt":"2025-12-23T10:36:26","slug":"uselfull-informations-2","status":"publish","type":"page","link":"https:\/\/symposium.ttmd.org.tr\/tr\/uselfull-informations-2\/","title":{"rendered":"Uselfull Informations 2"},"content":{"rendered":"<p><div class=\"fusion-fullwidth fullwidth-box fusion-builder-row-1 fusion-flex-container nonhundred-percent-fullwidth non-hundred-percent-height-scrolling\" style=\"--awb-border-radius-top-left:0px;--awb-border-radius-top-right:0px;--awb-border-radius-bottom-right:0px;--awb-border-radius-bottom-left:0px;--awb-padding-top:20px;--awb-padding-bottom:50px;--awb-flex-wrap:wrap;\" ><div class=\"fusion-builder-row fusion-row fusion-flex-align-items-flex-start fusion-flex-content-wrap\" style=\"max-width:1216.8px;margin-left: calc(-4% \/ 2 );margin-right: calc(-4% \/ 2 );\"><div class=\"fusion-layout-column fusion_builder_column fusion-builder-column-0 fusion_builder_column_1_1 1_1 fusion-flex-column fusion-flex-align-self-center\" style=\"--awb-bg-size:cover;--awb-width-large:100%;--awb-margin-top-large:0px;--awb-spacing-right-large:1.92%;--awb-margin-bottom-large:20px;--awb-spacing-left-large:1.92%;--awb-width-medium:100%;--awb-order-medium:0;--awb-spacing-right-medium:1.92%;--awb-spacing-left-medium:1.92%;--awb-width-small:100%;--awb-order-small:0;--awb-spacing-right-small:1.92%;--awb-spacing-left-small:1.92%;\"><div class=\"fusion-column-wrapper fusion-column-has-shadow fusion-flex-justify-content-center fusion-content-layout-column\"><\/div><\/div><div class=\"fusion-layout-column fusion_builder_column fusion-builder-column-1 fusion_builder_column_1_1 1_1 fusion-flex-column\" style=\"--awb-bg-size:cover;--awb-width-large:100%;--awb-margin-top-large:0px;--awb-spacing-right-large:1.92%;--awb-margin-bottom-large:20px;--awb-spacing-left-large:1.92%;--awb-width-medium:100%;--awb-order-medium:0;--awb-spacing-right-medium:1.92%;--awb-spacing-left-medium:1.92%;--awb-width-small:100%;--awb-order-small:0;--awb-spacing-right-small:1.92%;--awb-spacing-left-small:1.92%;\"><div class=\"fusion-column-wrapper fusion-column-has-shadow fusion-flex-justify-content-flex-start fusion-content-layout-column\"><div class=\"fusion-text fusion-text-1\"><p><span style=\"color: #004f9f; font-size: 21px;\"><strong>FAYDALI B\u0130LG\u0130LER<\/strong><\/span><br \/>\nHavaalanlar\u0131 - \u015eehir Merkezi Ula\u015f\u0131m<\/p>\n<p><span style=\"color: #004f9f; font-size: 21px;\"><strong>1. \u0130stanbul Havaalan\u0131 (IST), Avrupa<\/strong><\/span><br \/>\n\u0130stanbul Avrupa taraf\u0131<br \/>\nhttps:\/\/www.istairport.com\/<br \/>\n\u0130stanbul'un Avrupa yakas\u0131nda, Karadeniz k\u0131y\u0131s\u0131nda yer almaktad\u0131r.<br \/>\n\u0130stanbul Havaliman\u0131'ndan Ba\u011flarba\u015f\u0131 Kongre ve K\u00fclt\u00fcr Merkezi'ne;<\/p>\n<p><span style=\"color: #004f9f;\">1.1. By METRO<\/span><br \/>\nhttps:\/\/www.metro.istanbul\/<br \/>\nMetro + Metrob\u00fcs<br \/>\n1.\tHavaliman\u0131ndan M11 Metro ile Gayrettepe \u2018ye gidin.<br \/>\n2.\tZincirlikuyu Metrob\u00fcs dura\u011f\u0131na aktarma yap\u0131n.<br \/>\n3.\tMetrob\u00fcs ile Altunizade dura\u011f\u0131nda inin.<br \/>\n4.\tBuradan M5 Metro Hatt\u0131 \u2018na aktarma yaparak \u00dcsk\u00fcdar Ba\u011flarba\u015f\u0131 dura\u011f\u0131nda inin.<\/p>\n<p><span style=\"color: #004f9f;\">1.2. BY HAVAIST (Ac\u0131badem Dura\u011f\u0131)<\/span><br \/>\nHavaalan\u0131 Servisi<br \/>\n<a href=\"https:\/\/www.hava.ist\/\">https:\/\/www.hava.ist\/<\/a><br \/>\n\u00dcsk\u00fcdar\u2019a direkt HAVA\u0130ST hatt\u0131 bulunmamaktad\u0131r. En yak\u0131n durak olan Ac\u0131badem\u2019den aktarma yapabilirsiniz.<br \/>\n1.\tHavaliman\u0131-2. kattaki peronlardan kalkan \u0130ST-14 (Kad\u0131k\u00f6y) hatt\u0131na binin.<br \/>\n2.\tAc\u0131badem Metro dura\u011f\u0131nda inin.<br \/>\n3.\tBuradan metro, otob\u00fcs veya taksi ile \u00dcsk\u00fcdar\u2019a ge\u00e7i\u015f yapabilirsiniz.<br \/>\n4.\t30 dk y\u00fcr\u00fcy\u00fc\u015f veya taksi \u00f6nerilir.<\/p>\n<p><span style=\"color: #004f9f; font-size: 21px;\"><strong>2.\tSabiha G\u00f6k\u00e7en Havaalan\u0131 (SAW), Anadolu Yakas\u0131<\/strong><\/span><br \/>\nHavaalan\u0131 Servisi<br \/>\n<a href=\"https:\/\/www.sabihagokcen.aero\/\">https:\/\/www.sabihagokcen.aero\/<\/a><br \/>\nThe airport located on the Anatolian side of Istanbul, 40 km away from Kadikoy, 30 km away<br \/>\nfrom \u00dcsk\u00fcdar.<br \/>\nFrom Sabiha G\u00f6k\u00e7en (SAW) Airport to Ba\u011flarba\u015f\u0131 Congress and Cultural Center;<\/p>\n<p><span style=\"color: #004f9f;\">2.1.  METRO ile<\/span><br \/>\n<a href=\"https:\/\/www.metro.istanbul\/\">https:\/\/www.metro.istanbul\/<\/a><br \/>\n1.\tHavaliman\u0131ndan M4 Metro ile Kad\u0131k\u00f6y \u00dcnalan y\u00f6n\u00fcnde gidin.<br \/>\n2.\tUzun\u00e7ay\u0131r dura\u011f\u0131nda inin.<br \/>\n3.\tS\u00f6\u011f\u00fctl\u00fc\u00e7e\u015fme Metrob\u00fcs dura\u011f\u0131ndan Zincirlikuyu istikametinde, Altunizade\u2019de inin.<br \/>\n4.\tC66 \u00dcsk\u00fcdar otob\u00fcs\u00fcne binin, Ba\u011flarba\u015f\u0131 K\u00fclt\u00fcr Merkezi dura\u011f\u0131nda inin.<br \/>\n5.\tVeya taksi \u00f6nerilir.<\/p>\n<p><span style=\"color: #004f9f;\">2.2. HAVAB\u00dcS ile<\/span><br \/>\nHavaalan\u0131 Servis Arac\u0131<br \/>\nIt operates between the airport and Kad\u0131k\u00f6y. A change of transportation is required between<br \/>\nKad\u0131k\u00f6y and \u00dcsk\u00fcdar Ba\u011flarba\u015f\u0131 (Metro, Metrob\u00fcs, or bus).<\/p>\n<\/div><\/div><\/div><\/div><\/div><div class=\"fusion-fullwidth fullwidth-box fusion-builder-row-2 fusion-flex-container fusion-parallax-none nonhundred-percent-fullwidth non-hundred-percent-height-scrolling lazyload\" style=\"--awb-border-radius-top-left:0px;--awb-border-radius-top-right:0px;--awb-border-radius-bottom-right:0px;--awb-border-radius-bottom-left:0px;--awb-background-size:cover;--awb-flex-wrap:wrap;\" data-bg=\"https:\/\/symposium.ttmd.org.tr\/wp-content\/uploads\/2022\/06\/1234-2.jpg\" ><div class=\"fusion-builder-row fusion-row fusion-flex-align-items-flex-start fusion-flex-content-wrap\" style=\"max-width:1216.8px;margin-left: calc(-4% \/ 2 );margin-right: calc(-4% \/ 2 );\"><div class=\"fusion-layout-column fusion_builder_column fusion-builder-column-2 fusion_builder_column_1_1 1_1 fusion-flex-column\" style=\"--awb-bg-size:cover;--awb-width-large:100%;--awb-margin-top-large:0px;--awb-spacing-right-large:1.92%;--awb-margin-bottom-large:20px;--awb-spacing-left-large:1.92%;--awb-width-medium:100%;--awb-order-medium:0;--awb-spacing-right-medium:1.92%;--awb-spacing-left-medium:1.92%;--awb-width-small:100%;--awb-order-small:0;--awb-spacing-right-small:1.92%;--awb-spacing-left-small:1.92%;\"><div class=\"fusion-column-wrapper fusion-column-has-shadow fusion-flex-justify-content-flex-start fusion-content-layout-column\"><div class=\"fusion-separator\" style=\"align-self: center;margin-left: auto;margin-right: auto;width:100%;max-width:70%;\"><div class=\"fusion-separator-border sep-shadow\" style=\"--awb-height:20px;--awb-amount:20px;--awb-sep-color:#dddddd;background:radial-gradient(ellipse at 50% -50% , #dddddd 0px, rgba(255, 255, 255, 0) 80%) repeat scroll 0 0 rgba(0, 0, 0, 0);background:-webkit-radial-gradient(ellipse at 50% -50% , #dddddd 0px, rgba(255, 255, 255, 0) 80%) repeat scroll 0 0 rgba(0, 0, 0, 0);background:-moz-radial-gradient(ellipse at 50% -50% , #dddddd 0px, rgba(255, 255, 255, 0) 80%) repeat scroll 0 0 rgba(0, 0, 0, 0);background:-o-radial-gradient(ellipse at 50% -50% , #dddddd 0px, rgba(255, 255, 255, 0) 80%) repeat scroll 0 0 rgba(0, 0, 0, 0);\"><\/div><\/div><\/div><\/div><div class=\"fusion-layout-column fusion_builder_column fusion-builder-column-3 fusion_builder_column_1_2 1_2 fusion-flex-column\" style=\"--awb-bg-size:cover;--awb-width-large:50%;--awb-margin-top-large:0px;--awb-spacing-right-large:3.84%;--awb-margin-bottom-large:20px;--awb-spacing-left-large:3.84%;--awb-width-medium:100%;--awb-order-medium:0;--awb-spacing-right-medium:1.92%;--awb-spacing-left-medium:1.92%;--awb-width-small:100%;--awb-order-small:0;--awb-spacing-right-small:1.92%;--awb-spacing-left-small:1.92%;\"><div class=\"fusion-column-wrapper fusion-column-has-shadow fusion-flex-justify-content-flex-start fusion-content-layout-column\"><div class=\"fusion-text fusion-text-2\"><h4>Sempozyum \u0130leti\u015fim<\/h4>\n<p>Eventuum<\/p>\n<p><img decoding=\"async\" class=\"lazyload size-full wp-image-5445 alignnone\" src=\"https:\/\/symposium.ttmd.org.tr\/wp-content\/uploads\/2022\/06\/33-01-02.png\" data-orig-src=\"https:\/\/symposium.ttmd.org.tr\/wp-content\/uploads\/2022\/06\/33-01-02.png\" alt=\"\" width=\"32\" height=\"23\" srcset=\"data:image\/svg+xml,%3Csvg%20xmlns%3D%27http%3A%2F%2Fwww.w3.org%2F2000%2Fsvg%27%20width%3D%2732%27%20height%3D%2723%27%20viewBox%3D%270%200%2032%2023%27%3E%3Crect%20width%3D%2732%27%20height%3D%2723%27%20fill-opacity%3D%220%22%2F%3E%3C%2Fsvg%3E\" data-srcset=\"https:\/\/symposium.ttmd.org.tr\/wp-content\/uploads\/2022\/06\/33-01-02-18x12.png 18w, https:\/\/symposium.ttmd.org.tr\/wp-content\/uploads\/2022\/06\/33-01-02.png 32w\" data-sizes=\"auto\" data-orig-sizes=\"(max-width: 32px) 100vw, 32px\" \/>+90 212 258 48 48 (pbx)<\/p>\n<p><img decoding=\"async\" class=\"lazyload size-full wp-image-5447 alignnone\" src=\"https:\/\/symposium.ttmd.org.tr\/wp-content\/uploads\/2022\/06\/33-01-01.png\" data-orig-src=\"https:\/\/symposium.ttmd.org.tr\/wp-content\/uploads\/2022\/06\/33-01-01.png\" alt=\"\" width=\"32\" height=\"23\" srcset=\"data:image\/svg+xml,%3Csvg%20xmlns%3D%27http%3A%2F%2Fwww.w3.org%2F2000%2Fsvg%27%20width%3D%2732%27%20height%3D%2723%27%20viewBox%3D%270%200%2032%2023%27%3E%3Crect%20width%3D%2732%27%20height%3D%2723%27%20fill-opacity%3D%220%22%2F%3E%3C%2Fsvg%3E\" data-srcset=\"https:\/\/symposium.ttmd.org.tr\/wp-content\/uploads\/2022\/06\/33-01-01-18x12.png 18w, https:\/\/symposium.ttmd.org.tr\/wp-content\/uploads\/2022\/06\/33-01-01.png 32w\" data-sizes=\"auto\" data-orig-sizes=\"(max-width: 32px) 100vw, 32px\" \/><a href=\"https:\/\/mail.google.com\/mail\/?view=cm&amp;fs=1&amp;tf=1&amp;to=ttmd@eventuum.net\" target=\"_blank\" rel=\"noopener\">\u00a0ttmd@eventuum.net<\/a><\/p>\n<\/div><\/div><\/div><div class=\"fusion-layout-column fusion_builder_column fusion-builder-column-4 fusion_builder_column_1_2 1_2 fusion-flex-column\" style=\"--awb-bg-size:cover;--awb-width-large:50%;--awb-margin-top-large:0px;--awb-spacing-right-large:3.84%;--awb-margin-bottom-large:20px;--awb-spacing-left-large:3.84%;--awb-width-medium:100%;--awb-order-medium:0;--awb-spacing-right-medium:1.92%;--awb-spacing-left-medium:1.92%;--awb-width-small:100%;--awb-order-small:0;--awb-spacing-right-small:1.92%;--awb-spacing-left-small:1.92%;\"><div class=\"fusion-column-wrapper fusion-column-has-shadow fusion-flex-justify-content-flex-start fusion-content-layout-column\"><div class=\"fusion-text fusion-text-3\"><h4><strong>Sempozyum Organizat\u00f6r\u00fc<\/strong><\/h4>\n<p>T\u00fcrk Tesisat M\u00fchendisleri Derne\u011fi<\/p>\n<p>www.ttmd.org.tr<\/p>\n<h4><strong>Sempozyum Sekreteryas\u0131<\/strong><\/h4>\n<p><a href=\"\/tr\/Bildiri \u00f6zetleri 500 kelimeyi ge\u00e7meyecek \u015fekilde haz\u0131rlanmal\u0131d\u0131r.  Online Bildiri \u00d6zeti g\u00f6nderiminde sorun ya\u015fanmas\u0131 halinde bildiri \u00f6zetleri symposium@ttmd.org.tr adresine de y\u00f6nlendirilebilir.\/\" target=\"_blank\" rel=\"noopener\">E-mail: symposium@ttmd.org.tr<\/a><\/p>\n<\/div><\/div><\/div><\/div><\/div><\/p>","protected":false},"excerpt":{"rendered":"","protected":false},"author":1,"featured_media":0,"parent":0,"menu_order":0,"comment_status":"closed","ping_status":"closed","template":"100-width.php","meta":{"footnotes":""},"class_list":["post-6655","page","type-page","status-publish","hentry"],"_links":{"self":[{"href":"https:\/\/symposium.ttmd.org.tr\/tr\/wp-json\/wp\/v2\/pages\/6655","targetHints":{"allow":["GET"]}}],"collection":[{"href":"https:\/\/symposium.ttmd.org.tr\/tr\/wp-json\/wp\/v2\/pages"}],"about":[{"href":"https:\/\/symposium.ttmd.org.tr\/tr\/wp-json\/wp\/v2\/types\/page"}],"author":[{"embeddable":true,"href":"https:\/\/symposium.ttmd.org.tr\/tr\/wp-json\/wp\/v2\/users\/1"}],"replies":[{"embeddable":true,"href":"https:\/\/symposium.ttmd.org.tr\/tr\/wp-json\/wp\/v2\/comments?post=6655"}],"version-history":[{"count":7,"href":"https:\/\/symposium.ttmd.org.tr\/tr\/wp-json\/wp\/v2\/pages\/6655\/revisions"}],"predecessor-version":[{"id":6705,"href":"https:\/\/symposium.ttmd.org.tr\/tr\/wp-json\/wp\/v2\/pages\/6655\/revisions\/6705"}],"wp:attachment":[{"href":"https:\/\/symposium.ttmd.org.tr\/tr\/wp-json\/wp\/v2\/media?parent=6655"}],"curies":[{"name":"wp","href":"https:\/\/api.w.org\/{rel}","templated":true}]}}