{"id":6396,"date":"2024-10-16T07:33:34","date_gmt":"2024-10-16T07:33:34","guid":{"rendered":"https:\/\/symposium.ttmd.org.tr\/?page_id=6396"},"modified":"2024-10-22T06:28:32","modified_gmt":"2024-10-22T06:28:32","slug":"pressroom","status":"publish","type":"page","link":"https:\/\/symposium.ttmd.org.tr\/tr\/pressroom\/","title":{"rendered":"Bas\u0131n Odas\u0131"},"content":{"rendered":"<p><div class=\"fusion-fullwidth fullwidth-box fusion-builder-row-1 fusion-flex-container nonhundred-percent-fullwidth non-hundred-percent-height-scrolling\" style=\"--awb-border-radius-top-left:0px;--awb-border-radius-top-right:0px;--awb-border-radius-bottom-right:0px;--awb-border-radius-bottom-left:0px;--awb-padding-top:20px;--awb-padding-bottom:50px;--awb-flex-wrap:wrap;\" ><div class=\"fusion-builder-row fusion-row fusion-flex-align-items-flex-start fusion-flex-content-wrap\" style=\"max-width:1216.8px;margin-left: calc(-4% \/ 2 );margin-right: calc(-4% \/ 2 );\"><div class=\"fusion-layout-column fusion_builder_column fusion-builder-column-0 fusion_builder_column_1_1 1_1 fusion-flex-column\" style=\"--awb-bg-size:cover;--awb-width-large:100%;--awb-margin-top-large:0px;--awb-spacing-right-large:1.92%;--awb-margin-bottom-large:20px;--awb-spacing-left-large:1.92%;--awb-width-medium:100%;--awb-order-medium:0;--awb-spacing-right-medium:1.92%;--awb-spacing-left-medium:1.92%;--awb-width-small:100%;--awb-order-small:0;--awb-spacing-right-small:1.92%;--awb-spacing-left-small:1.92%;\"><div class=\"fusion-column-wrapper fusion-column-has-shadow fusion-flex-justify-content-flex-start fusion-content-layout-column\"><div class=\"fusion-text fusion-text-1\"><p><strong><span style=\"color: #000080;\"><img decoding=\"async\" class=\"lazyload size-full wp-image-5152 alignnone\" src=\"data:image\/svg+xml,%3Csvg%20xmlns%3D%27http%3A%2F%2Fwww.w3.org%2F2000%2Fsvg%27%20width%3D%2714%27%20height%3D%2728%27%20viewBox%3D%270%200%2014%2028%27%3E%3Crect%20width%3D%2714%27%20height%3D%2728%27%20fill-opacity%3D%220%22%2F%3E%3C%2Fsvg%3E\" data-orig-src=\"https:\/\/symposium.ttmd.org.tr\/wp-content\/uploads\/2022\/05\/mic-03.png\" alt=\"\" width=\"14\" height=\"28\" \/> BASIN ODASI<\/span><\/strong><\/p>\n<hr \/>\n<div align=\"justify\">\n<div class=\"center\">\n<div class=\"leftAlign kurumsal\">\n<div class=\"kurumsalCont\">\n<div class=\"row\" style=\"text-align: center;\">\n<div id=\"boxed-wrapper\">\n<div id=\"wrapper\" class=\"fusion-wrapper\">\n<div id=\"boxed-wrapper\">\n<div id=\"wrapper\" class=\"fusion-wrapper\">\n<h3><\/h3>\n<\/div>\n<\/div>\n<\/div>\n<\/div>\n<\/div>\n<\/div>\n<\/div>\n<\/div>\n<\/div>\n<\/div><div class=\"fusion-image-carousel fusion-image-carousel-auto fusion-image-carousel-1 fusion-carousel-border\"><div class=\"awb-carousel awb-swiper awb-swiper-carousel awb-carousel--carousel awb-swiper-dots-position-bottom\" data-layout=\"carousel\" data-autoplay=\"no\" data-autoplayspeed=\"2500\" data-autoplaypause=\"no\" data-loop=\"yes\" data-columns=\"6\" data-columnsmedium=\"1\" data-columnssmall=\"1\" data-itemmargin=\"13\" data-itemwidth=\"180\" data-touchscroll=\"no\" data-freemode=\"no\" data-imagesize=\"auto\" data-scrollitems=\"0\" data-centeredslides=\"no\" data-rotationangle=\"50\" data-depth=\"100\" data-speed=\"500\" data-shadow=\"no\" data-pagination=\"bullets\" style=\"--awb-columns:6;--awb-border-width:1px;--awb-border-color:#e9eaee;\"><div class=\"swiper-wrapper awb-image-carousel-wrapper fusion-flex-align-items-center\"><div class=\"swiper-slide\"><div class=\"fusion-carousel-item-wrapper\"><div class=\"fusion-image-wrapper hover-type-zoomin\"><a href=\"https:\/\/symposium.ttmd.org.tr\/wp-content\/uploads\/2022\/07\/TTMD-Logo_TR.jpg\" target=\"_blank\" rel=\"noopener noreferrer\"><img decoding=\"async\" width=\"2319\" height=\"2158\" src=\"https:\/\/symposium.ttmd.org.tr\/wp-content\/uploads\/2022\/07\/TTMD-Logo_TR.jpg\" class=\"attachment-full size-full lazyload\" alt=\"TTMD-Logo TR\" srcset=\"data:image\/svg+xml,%3Csvg%20xmlns%3D%27http%3A%2F%2Fwww.w3.org%2F2000%2Fsvg%27%20width%3D%272319%27%20height%3D%272158%27%20viewBox%3D%270%200%202319%202158%27%3E%3Crect%20width%3D%272319%27%20height%3D%272158%27%20fill-opacity%3D%220%22%2F%3E%3C%2Fsvg%3E\" data-orig-src=\"https:\/\/symposium.ttmd.org.tr\/wp-content\/uploads\/2022\/07\/TTMD-Logo_TR.jpg\" data-srcset=\"https:\/\/symposium.ttmd.org.tr\/wp-content\/uploads\/2022\/07\/TTMD-Logo_TR-200x186.jpg 200w, https:\/\/symposium.ttmd.org.tr\/wp-content\/uploads\/2022\/07\/TTMD-Logo_TR-400x372.jpg 400w, https:\/\/symposium.ttmd.org.tr\/wp-content\/uploads\/2022\/07\/TTMD-Logo_TR-600x558.jpg 600w, https:\/\/symposium.ttmd.org.tr\/wp-content\/uploads\/2022\/07\/TTMD-Logo_TR-800x744.jpg 800w, https:\/\/symposium.ttmd.org.tr\/wp-content\/uploads\/2022\/07\/TTMD-Logo_TR-1200x1117.jpg 1200w, https:\/\/symposium.ttmd.org.tr\/wp-content\/uploads\/2022\/07\/TTMD-Logo_TR.jpg 2319w\" data-sizes=\"auto\" \/><\/a><\/div><\/div><\/div><div class=\"swiper-slide\"><div class=\"fusion-carousel-item-wrapper\"><div class=\"fusion-image-wrapper hover-type-zoomin\"><a href=\"https:\/\/symposium.ttmd.org.tr\/wp-content\/uploads\/2022\/07\/TTMD-Logo_EN.jpg\" target=\"_blank\" rel=\"noopener noreferrer\"><img decoding=\"async\" width=\"1200\" height=\"1092\" src=\"https:\/\/symposium.ttmd.org.tr\/wp-content\/uploads\/2022\/07\/TTMD-Logo_EN.jpg\" class=\"attachment-full size-full lazyload\" alt=\"TTMD-Logo EN\" srcset=\"data:image\/svg+xml,%3Csvg%20xmlns%3D%27http%3A%2F%2Fwww.w3.org%2F2000%2Fsvg%27%20width%3D%271200%27%20height%3D%271092%27%20viewBox%3D%270%200%201200%201092%27%3E%3Crect%20width%3D%271200%27%20height%3D%271092%27%20fill-opacity%3D%220%22%2F%3E%3C%2Fsvg%3E\" data-orig-src=\"https:\/\/symposium.ttmd.org.tr\/wp-content\/uploads\/2022\/07\/TTMD-Logo_EN.jpg\" data-srcset=\"https:\/\/symposium.ttmd.org.tr\/wp-content\/uploads\/2022\/07\/TTMD-Logo_EN-200x182.jpg 200w, https:\/\/symposium.ttmd.org.tr\/wp-content\/uploads\/2022\/07\/TTMD-Logo_EN-400x364.jpg 400w, https:\/\/symposium.ttmd.org.tr\/wp-content\/uploads\/2022\/07\/TTMD-Logo_EN-600x546.jpg 600w, https:\/\/symposium.ttmd.org.tr\/wp-content\/uploads\/2022\/07\/TTMD-Logo_EN-800x728.jpg 800w, https:\/\/symposium.ttmd.org.tr\/wp-content\/uploads\/2022\/07\/TTMD-Logo_EN.jpg 1200w\" data-sizes=\"auto\" \/><\/a><\/div><\/div><\/div><div class=\"swiper-slide\"><div class=\"fusion-carousel-item-wrapper\"><div class=\"fusion-image-wrapper hover-type-zoomin\"><a href=\"https:\/\/symposium.ttmd.org.tr\/wp-content\/uploads\/2024\/10\/TTMD-2024-Symposium-Join-Us.jpeg\" target=\"_blank\" rel=\"noopener noreferrer\"><img decoding=\"async\" width=\"1080\" height=\"1080\" src=\"https:\/\/symposium.ttmd.org.tr\/wp-content\/uploads\/2024\/10\/TTMD-2024-Symposium-Join-Us.jpeg\" class=\"attachment-full size-full lazyload\" alt=\"TTMD 2024 Symposium - Join Us\" srcset=\"data:image\/svg+xml,%3Csvg%20xmlns%3D%27http%3A%2F%2Fwww.w3.org%2F2000%2Fsvg%27%20width%3D%271080%27%20height%3D%271080%27%20viewBox%3D%270%200%201080%201080%27%3E%3Crect%20width%3D%271080%27%20height%3D%271080%27%20fill-opacity%3D%220%22%2F%3E%3C%2Fsvg%3E\" data-orig-src=\"https:\/\/symposium.ttmd.org.tr\/wp-content\/uploads\/2024\/10\/TTMD-2024-Symposium-Join-Us.jpeg\" data-srcset=\"https:\/\/symposium.ttmd.org.tr\/wp-content\/uploads\/2024\/10\/TTMD-2024-Symposium-Join-Us-200x200.jpeg 200w, https:\/\/symposium.ttmd.org.tr\/wp-content\/uploads\/2024\/10\/TTMD-2024-Symposium-Join-Us-400x400.jpeg 400w, https:\/\/symposium.ttmd.org.tr\/wp-content\/uploads\/2024\/10\/TTMD-2024-Symposium-Join-Us-600x600.jpeg 600w, https:\/\/symposium.ttmd.org.tr\/wp-content\/uploads\/2024\/10\/TTMD-2024-Symposium-Join-Us-800x800.jpeg 800w, https:\/\/symposium.ttmd.org.tr\/wp-content\/uploads\/2024\/10\/TTMD-2024-Symposium-Join-Us.jpeg 1080w\" data-sizes=\"auto\" \/><\/a><\/div><\/div><\/div><div class=\"swiper-slide\"><div class=\"fusion-carousel-item-wrapper\"><div class=\"fusion-image-wrapper hover-type-zoomin\"><a href=\"https:\/\/symposium.ttmd.org.tr\/wp-content\/uploads\/2024\/10\/TTMD-2024-Symposium-Save-The-Date.jpg\" target=\"_blank\" rel=\"noopener noreferrer\"><img decoding=\"async\" width=\"1080\" height=\"1080\" src=\"https:\/\/symposium.ttmd.org.tr\/wp-content\/uploads\/2024\/10\/TTMD-2024-Symposium-Save-The-Date.jpg\" class=\"attachment-full size-full lazyload\" alt=\"TTMD 2024 Symposium - Save The Date\" srcset=\"data:image\/svg+xml,%3Csvg%20xmlns%3D%27http%3A%2F%2Fwww.w3.org%2F2000%2Fsvg%27%20width%3D%271080%27%20height%3D%271080%27%20viewBox%3D%270%200%201080%201080%27%3E%3Crect%20width%3D%271080%27%20height%3D%271080%27%20fill-opacity%3D%220%22%2F%3E%3C%2Fsvg%3E\" data-orig-src=\"https:\/\/symposium.ttmd.org.tr\/wp-content\/uploads\/2024\/10\/TTMD-2024-Symposium-Save-The-Date.jpg\" data-srcset=\"https:\/\/symposium.ttmd.org.tr\/wp-content\/uploads\/2024\/10\/TTMD-2024-Symposium-Save-The-Date-200x200.jpg 200w, https:\/\/symposium.ttmd.org.tr\/wp-content\/uploads\/2024\/10\/TTMD-2024-Symposium-Save-The-Date-400x400.jpg 400w, https:\/\/symposium.ttmd.org.tr\/wp-content\/uploads\/2024\/10\/TTMD-2024-Symposium-Save-The-Date-600x600.jpg 600w, https:\/\/symposium.ttmd.org.tr\/wp-content\/uploads\/2024\/10\/TTMD-2024-Symposium-Save-The-Date-800x800.jpg 800w, https:\/\/symposium.ttmd.org.tr\/wp-content\/uploads\/2024\/10\/TTMD-2024-Symposium-Save-The-Date.jpg 1080w\" data-sizes=\"auto\" \/><\/a><\/div><\/div><\/div><div class=\"swiper-slide\"><div class=\"fusion-carousel-item-wrapper\"><div class=\"fusion-image-wrapper hover-type-zoomin\"><a href=\"https:\/\/symposium.ttmd.org.tr\/wp-content\/uploads\/2024\/10\/TTMD-2024-Symposium-Topics.jpg\" target=\"_blank\" rel=\"noopener noreferrer\"><img decoding=\"async\" width=\"1080\" height=\"1080\" src=\"https:\/\/symposium.ttmd.org.tr\/wp-content\/uploads\/2024\/10\/TTMD-2024-Symposium-Topics.jpg\" class=\"attachment-full size-full lazyload\" alt=\"TTMD 2024 Symposium - Topics\" srcset=\"data:image\/svg+xml,%3Csvg%20xmlns%3D%27http%3A%2F%2Fwww.w3.org%2F2000%2Fsvg%27%20width%3D%271080%27%20height%3D%271080%27%20viewBox%3D%270%200%201080%201080%27%3E%3Crect%20width%3D%271080%27%20height%3D%271080%27%20fill-opacity%3D%220%22%2F%3E%3C%2Fsvg%3E\" data-orig-src=\"https:\/\/symposium.ttmd.org.tr\/wp-content\/uploads\/2024\/10\/TTMD-2024-Symposium-Topics.jpg\" data-srcset=\"https:\/\/symposium.ttmd.org.tr\/wp-content\/uploads\/2024\/10\/TTMD-2024-Symposium-Topics-200x200.jpg 200w, https:\/\/symposium.ttmd.org.tr\/wp-content\/uploads\/2024\/10\/TTMD-2024-Symposium-Topics-400x400.jpg 400w, https:\/\/symposium.ttmd.org.tr\/wp-content\/uploads\/2024\/10\/TTMD-2024-Symposium-Topics-600x600.jpg 600w, https:\/\/symposium.ttmd.org.tr\/wp-content\/uploads\/2024\/10\/TTMD-2024-Symposium-Topics-800x800.jpg 800w, https:\/\/symposium.ttmd.org.tr\/wp-content\/uploads\/2024\/10\/TTMD-2024-Symposium-Topics.jpg 1080w\" data-sizes=\"auto\" \/><\/a><\/div><\/div><\/div><div class=\"swiper-slide\"><div class=\"fusion-carousel-item-wrapper\"><div class=\"fusion-image-wrapper hover-type-zoomin\"><a href=\"https:\/\/symposium.ttmd.org.tr\/wp-content\/uploads\/2024\/10\/TTMD-2024-Symposium-.jpg\" target=\"_blank\" rel=\"noopener noreferrer\"><img decoding=\"async\" width=\"1080\" height=\"1080\" src=\"https:\/\/symposium.ttmd.org.tr\/wp-content\/uploads\/2024\/10\/TTMD-2024-Symposium-.jpg\" class=\"attachment-full size-full lazyload\" alt=\"TTMD 2024 Symposium -\" srcset=\"data:image\/svg+xml,%3Csvg%20xmlns%3D%27http%3A%2F%2Fwww.w3.org%2F2000%2Fsvg%27%20width%3D%271080%27%20height%3D%271080%27%20viewBox%3D%270%200%201080%201080%27%3E%3Crect%20width%3D%271080%27%20height%3D%271080%27%20fill-opacity%3D%220%22%2F%3E%3C%2Fsvg%3E\" data-orig-src=\"https:\/\/symposium.ttmd.org.tr\/wp-content\/uploads\/2024\/10\/TTMD-2024-Symposium-.jpg\" data-srcset=\"https:\/\/symposium.ttmd.org.tr\/wp-content\/uploads\/2024\/10\/TTMD-2024-Symposium--200x200.jpg 200w, https:\/\/symposium.ttmd.org.tr\/wp-content\/uploads\/2024\/10\/TTMD-2024-Symposium--400x400.jpg 400w, https:\/\/symposium.ttmd.org.tr\/wp-content\/uploads\/2024\/10\/TTMD-2024-Symposium--600x600.jpg 600w, https:\/\/symposium.ttmd.org.tr\/wp-content\/uploads\/2024\/10\/TTMD-2024-Symposium--800x800.jpg 800w, https:\/\/symposium.ttmd.org.tr\/wp-content\/uploads\/2024\/10\/TTMD-2024-Symposium-.jpg 1080w\" data-sizes=\"auto\" \/><\/a><\/div><\/div><\/div><div class=\"swiper-slide\"><div class=\"fusion-carousel-item-wrapper\"><div class=\"fusion-image-wrapper hover-type-zoomin\"><a href=\"https:\/\/symposium.ttmd.org.tr\/wp-content\/uploads\/2024\/10\/TTMD-Symposium-2024-Poster.jpg\" target=\"_blank\" rel=\"noopener noreferrer\"><img decoding=\"async\" width=\"1000\" height=\"1403\" src=\"https:\/\/symposium.ttmd.org.tr\/wp-content\/uploads\/2024\/10\/TTMD-Symposium-2024-Poster.jpg\" class=\"attachment-full size-full lazyload\" alt=\"TTMD Symposium 2024 - Poster\" srcset=\"data:image\/svg+xml,%3Csvg%20xmlns%3D%27http%3A%2F%2Fwww.w3.org%2F2000%2Fsvg%27%20width%3D%271000%27%20height%3D%271403%27%20viewBox%3D%270%200%201000%201403%27%3E%3Crect%20width%3D%271000%27%20height%3D%271403%27%20fill-opacity%3D%220%22%2F%3E%3C%2Fsvg%3E\" data-orig-src=\"https:\/\/symposium.ttmd.org.tr\/wp-content\/uploads\/2024\/10\/TTMD-Symposium-2024-Poster.jpg\" data-srcset=\"https:\/\/symposium.ttmd.org.tr\/wp-content\/uploads\/2024\/10\/TTMD-Symposium-2024-Poster-200x281.jpg 200w, https:\/\/symposium.ttmd.org.tr\/wp-content\/uploads\/2024\/10\/TTMD-Symposium-2024-Poster-400x561.jpg 400w, https:\/\/symposium.ttmd.org.tr\/wp-content\/uploads\/2024\/10\/TTMD-Symposium-2024-Poster-600x842.jpg 600w, https:\/\/symposium.ttmd.org.tr\/wp-content\/uploads\/2024\/10\/TTMD-Symposium-2024-Poster-800x1122.jpg 800w, https:\/\/symposium.ttmd.org.tr\/wp-content\/uploads\/2024\/10\/TTMD-Symposium-2024-Poster.jpg 1000w\" data-sizes=\"auto\" \/><\/a><\/div><\/div><\/div><div class=\"swiper-slide\"><div class=\"fusion-carousel-item-wrapper\"><div class=\"fusion-image-wrapper hover-type-zoomin\"><a href=\"https:\/\/symposium.ttmd.org.tr\/wp-content\/uploads\/2024\/10\/1.jpg\" target=\"_blank\" rel=\"noopener noreferrer\"><img decoding=\"async\" width=\"1600\" height=\"900\" src=\"https:\/\/symposium.ttmd.org.tr\/wp-content\/uploads\/2024\/10\/1.jpg\" class=\"attachment-full size-full lazyload\" alt=\"TTMD Symposium 2024 - Poster\" srcset=\"data:image\/svg+xml,%3Csvg%20xmlns%3D%27http%3A%2F%2Fwww.w3.org%2F2000%2Fsvg%27%20width%3D%271600%27%20height%3D%27900%27%20viewBox%3D%270%200%201600%20900%27%3E%3Crect%20width%3D%271600%27%20height%3D%27900%27%20fill-opacity%3D%220%22%2F%3E%3C%2Fsvg%3E\" data-orig-src=\"https:\/\/symposium.ttmd.org.tr\/wp-content\/uploads\/2024\/10\/1.jpg\" data-srcset=\"https:\/\/symposium.ttmd.org.tr\/wp-content\/uploads\/2024\/10\/1-200x113.jpg 200w, https:\/\/symposium.ttmd.org.tr\/wp-content\/uploads\/2024\/10\/1-400x225.jpg 400w, https:\/\/symposium.ttmd.org.tr\/wp-content\/uploads\/2024\/10\/1-600x338.jpg 600w, https:\/\/symposium.ttmd.org.tr\/wp-content\/uploads\/2024\/10\/1-800x450.jpg 800w, https:\/\/symposium.ttmd.org.tr\/wp-content\/uploads\/2024\/10\/1-1200x675.jpg 1200w, https:\/\/symposium.ttmd.org.tr\/wp-content\/uploads\/2024\/10\/1.jpg 1600w\" data-sizes=\"auto\" \/><\/a><\/div><\/div><\/div><\/div><div class=\"awb-swiper-button awb-swiper-button-prev\"><i class=\"awb-icon-angle-left\" aria-hidden=\"true\"><\/i><\/div><div class=\"awb-swiper-button awb-swiper-button-next\"><i class=\"awb-icon-angle-right\" aria-hidden=\"true\"><\/i><\/div><\/div><\/div><div style=\"text-align:center;\"><a class=\"fusion-button button-flat fusion-button-default-size button-custom fusion-button-default button-1 fusion-button-default-span\" style=\"--button_accent_color:var(--awb-color1);--button_accent_hover_color:var(--awb-color1);--button_border_hover_color:var(--awb-color1);--button_gradient_top_color:#20368e;--button_gradient_bottom_color:#20368e;--button_gradient_top_color_hover:var(--awb-color5);--button_gradient_bottom_color_hover:var(--awb-color5);\" target=\"_blank\" rel=\"noopener noreferrer\" href=\"https:\/\/symposium.ttmd.org.tr\/wp-content\/uploads\/2024\/10\/TTMD-2024-Symposium-Program-1.pdf\"><i class=\"fa-microphone-alt fas awb-button__icon awb-button__icon--default button-icon-left\" aria-hidden=\"true\"><\/i><span class=\"fusion-button-text awb-button__text awb-button__text--default\">Program<\/span><\/a><\/div><\/div><\/div><\/div><\/div><div class=\"fusion-fullwidth fullwidth-box fusion-builder-row-2 fusion-flex-container fusion-parallax-none nonhundred-percent-fullwidth non-hundred-percent-height-scrolling lazyload\" style=\"--awb-border-radius-top-left:0px;--awb-border-radius-top-right:0px;--awb-border-radius-bottom-right:0px;--awb-border-radius-bottom-left:0px;--awb-background-size:cover;--awb-flex-wrap:wrap;\" data-bg=\"https:\/\/symposium.ttmd.org.tr\/wp-content\/uploads\/2022\/06\/1234-2.jpg\" ><div class=\"fusion-builder-row fusion-row fusion-flex-align-items-flex-start fusion-flex-content-wrap\" style=\"max-width:1216.8px;margin-left: calc(-4% \/ 2 );margin-right: calc(-4% \/ 2 );\"><div class=\"fusion-layout-column fusion_builder_column fusion-builder-column-1 fusion_builder_column_1_1 1_1 fusion-flex-column\" style=\"--awb-bg-size:cover;--awb-width-large:100%;--awb-margin-top-large:0px;--awb-spacing-right-large:1.92%;--awb-margin-bottom-large:20px;--awb-spacing-left-large:1.92%;--awb-width-medium:100%;--awb-order-medium:0;--awb-spacing-right-medium:1.92%;--awb-spacing-left-medium:1.92%;--awb-width-small:100%;--awb-order-small:0;--awb-spacing-right-small:1.92%;--awb-spacing-left-small:1.92%;\"><div class=\"fusion-column-wrapper fusion-column-has-shadow fusion-flex-justify-content-flex-start fusion-content-layout-column\"><div class=\"fusion-separator\" style=\"align-self: center;margin-left: auto;margin-right: auto;width:100%;max-width:70%;\"><div class=\"fusion-separator-border sep-shadow\" style=\"--awb-height:20px;--awb-amount:20px;--awb-sep-color:#dddddd;background:radial-gradient(ellipse at 50% -50% , #dddddd 0px, rgba(255, 255, 255, 0) 80%) repeat scroll 0 0 rgba(0, 0, 0, 0);background:-webkit-radial-gradient(ellipse at 50% -50% , #dddddd 0px, rgba(255, 255, 255, 0) 80%) repeat scroll 0 0 rgba(0, 0, 0, 0);background:-moz-radial-gradient(ellipse at 50% -50% , #dddddd 0px, rgba(255, 255, 255, 0) 80%) repeat scroll 0 0 rgba(0, 0, 0, 0);background:-o-radial-gradient(ellipse at 50% -50% , #dddddd 0px, rgba(255, 255, 255, 0) 80%) repeat scroll 0 0 rgba(0, 0, 0, 0);\"><\/div><\/div><\/div><\/div><div class=\"fusion-layout-column fusion_builder_column fusion-builder-column-2 fusion_builder_column_1_2 1_2 fusion-flex-column\" style=\"--awb-bg-size:cover;--awb-width-large:50%;--awb-margin-top-large:0px;--awb-spacing-right-large:3.84%;--awb-margin-bottom-large:20px;--awb-spacing-left-large:3.84%;--awb-width-medium:100%;--awb-order-medium:0;--awb-spacing-right-medium:1.92%;--awb-spacing-left-medium:1.92%;--awb-width-small:100%;--awb-order-small:0;--awb-spacing-right-small:1.92%;--awb-spacing-left-small:1.92%;\"><div class=\"fusion-column-wrapper fusion-column-has-shadow fusion-flex-justify-content-flex-start fusion-content-layout-column\"><div class=\"fusion-text fusion-text-2\"><h4>Sempozyum \u0130leti\u015fim<\/h4>\n<p><img decoding=\"async\" class=\"lazyload size-full wp-image-5444 alignnone\" src=\"https:\/\/symposium.ttmd.org.tr\/wp-content\/uploads\/2022\/06\/33-01-04.png\" data-orig-src=\"https:\/\/symposium.ttmd.org.tr\/wp-content\/uploads\/2022\/06\/33-01-04.png\" alt=\"\" width=\"32\" height=\"23\" srcset=\"data:image\/svg+xml,%3Csvg%20xmlns%3D%27http%3A%2F%2Fwww.w3.org%2F2000%2Fsvg%27%20width%3D%2732%27%20height%3D%2723%27%20viewBox%3D%270%200%2032%2023%27%3E%3Crect%20width%3D%2732%27%20height%3D%2723%27%20fill-opacity%3D%220%22%2F%3E%3C%2Fsvg%3E\" data-srcset=\"https:\/\/symposium.ttmd.org.tr\/wp-content\/uploads\/2022\/06\/33-01-04-18x12.png 18w, https:\/\/symposium.ttmd.org.tr\/wp-content\/uploads\/2022\/06\/33-01-04.png 32w\" data-sizes=\"auto\" data-orig-sizes=\"(max-width: 32px) 100vw, 32px\" \/>\u00a0Y\u0131ld\u0131z Mah. Eski Konak Sok.<br \/>\nNo:12 K:5 Be\u015fikta\u015f \u0130stanbul<\/p>\n<p><img decoding=\"async\" class=\"lazyload size-full wp-image-5445 alignnone\" src=\"https:\/\/symposium.ttmd.org.tr\/wp-content\/uploads\/2022\/06\/33-01-02.png\" data-orig-src=\"https:\/\/symposium.ttmd.org.tr\/wp-content\/uploads\/2022\/06\/33-01-02.png\" alt=\"\" width=\"32\" height=\"23\" srcset=\"data:image\/svg+xml,%3Csvg%20xmlns%3D%27http%3A%2F%2Fwww.w3.org%2F2000%2Fsvg%27%20width%3D%2732%27%20height%3D%2723%27%20viewBox%3D%270%200%2032%2023%27%3E%3Crect%20width%3D%2732%27%20height%3D%2723%27%20fill-opacity%3D%220%22%2F%3E%3C%2Fsvg%3E\" data-srcset=\"https:\/\/symposium.ttmd.org.tr\/wp-content\/uploads\/2022\/06\/33-01-02-18x12.png 18w, https:\/\/symposium.ttmd.org.tr\/wp-content\/uploads\/2022\/06\/33-01-02.png 32w\" data-sizes=\"auto\" data-orig-sizes=\"(max-width: 32px) 100vw, 32px\" \/>+90 212 258 48 48 (pbx)<\/p>\n<p><img decoding=\"async\" class=\"lazyload size-full wp-image-5446 alignnone\" src=\"https:\/\/symposium.ttmd.org.tr\/wp-content\/uploads\/2022\/06\/33-01-03.png\" data-orig-src=\"https:\/\/symposium.ttmd.org.tr\/wp-content\/uploads\/2022\/06\/33-01-03.png\" alt=\"\" width=\"32\" height=\"23\" srcset=\"data:image\/svg+xml,%3Csvg%20xmlns%3D%27http%3A%2F%2Fwww.w3.org%2F2000%2Fsvg%27%20width%3D%2732%27%20height%3D%2723%27%20viewBox%3D%270%200%2032%2023%27%3E%3Crect%20width%3D%2732%27%20height%3D%2723%27%20fill-opacity%3D%220%22%2F%3E%3C%2Fsvg%3E\" data-srcset=\"https:\/\/symposium.ttmd.org.tr\/wp-content\/uploads\/2022\/06\/33-01-03-18x12.png 18w, https:\/\/symposium.ttmd.org.tr\/wp-content\/uploads\/2022\/06\/33-01-03.png 32w\" data-sizes=\"auto\" data-orig-sizes=\"(max-width: 32px) 100vw, 32px\" \/>+90 212 258 48 50<\/p>\n<p><img decoding=\"async\" class=\"lazyload size-full wp-image-5447 alignnone\" src=\"https:\/\/symposium.ttmd.org.tr\/wp-content\/uploads\/2022\/06\/33-01-01.png\" data-orig-src=\"https:\/\/symposium.ttmd.org.tr\/wp-content\/uploads\/2022\/06\/33-01-01.png\" alt=\"\" width=\"32\" height=\"23\" srcset=\"data:image\/svg+xml,%3Csvg%20xmlns%3D%27http%3A%2F%2Fwww.w3.org%2F2000%2Fsvg%27%20width%3D%2732%27%20height%3D%2723%27%20viewBox%3D%270%200%2032%2023%27%3E%3Crect%20width%3D%2732%27%20height%3D%2723%27%20fill-opacity%3D%220%22%2F%3E%3C%2Fsvg%3E\" data-srcset=\"https:\/\/symposium.ttmd.org.tr\/wp-content\/uploads\/2022\/06\/33-01-01-18x12.png 18w, https:\/\/symposium.ttmd.org.tr\/wp-content\/uploads\/2022\/06\/33-01-01.png 32w\" data-sizes=\"auto\" data-orig-sizes=\"(max-width: 32px) 100vw, 32px\" \/><a href=\"https:\/\/mail.google.com\/mail\/?view=cm&amp;fs=1&amp;tf=1&amp;to=ttmd@eventuum.net\" target=\"_blank\" rel=\"noopener\">\u00a0ttmd@eventuum.net<\/a><\/p>\n<\/div><\/div><\/div><div class=\"fusion-layout-column fusion_builder_column fusion-builder-column-3 fusion_builder_column_1_2 1_2 fusion-flex-column\" style=\"--awb-bg-size:cover;--awb-width-large:50%;--awb-margin-top-large:0px;--awb-spacing-right-large:3.84%;--awb-margin-bottom-large:20px;--awb-spacing-left-large:3.84%;--awb-width-medium:100%;--awb-order-medium:0;--awb-spacing-right-medium:1.92%;--awb-spacing-left-medium:1.92%;--awb-width-small:100%;--awb-order-small:0;--awb-spacing-right-small:1.92%;--awb-spacing-left-small:1.92%;\"><div class=\"fusion-column-wrapper fusion-column-has-shadow fusion-flex-justify-content-flex-start fusion-content-layout-column\"><div class=\"fusion-text fusion-text-3\"><h4><strong>Sempozyum Organizat\u00f6r\u00fc<\/strong><\/h4>\n<p>T\u00fcrk Tesisat M\u00fchendisleri Derne\u011fi<\/p>\n<p>www.ttmd.org.tr<\/p>\n<h4><strong>Sempozyum Sekreteryas\u0131<\/strong><\/h4>\n<p><a href=\"\/tr\/Bildiri \u00f6zetleri 500 kelimeyi ge\u00e7meyecek \u015fekilde haz\u0131rlanmal\u0131d\u0131r.  Online Bildiri \u00d6zeti g\u00f6nderiminde sorun ya\u015fanmas\u0131 halinde bildiri \u00f6zetleri symposium@ttmd.org.tr adresine de y\u00f6nlendirilebilir.\/\" target=\"_blank\" rel=\"noopener\">E-mail: symposium@ttmd.org.tr<\/a><\/p>\n<\/div><\/div><\/div><\/div><\/div><\/p>","protected":false},"excerpt":{"rendered":"","protected":false},"author":1,"featured_media":0,"parent":0,"menu_order":0,"comment_status":"closed","ping_status":"closed","template":"100-width.php","meta":{"footnotes":""},"class_list":["post-6396","page","type-page","status-publish","hentry"],"_links":{"self":[{"href":"https:\/\/symposium.ttmd.org.tr\/tr\/wp-json\/wp\/v2\/pages\/6396","targetHints":{"allow":["GET"]}}],"collection":[{"href":"https:\/\/symposium.ttmd.org.tr\/tr\/wp-json\/wp\/v2\/pages"}],"about":[{"href":"https:\/\/symposium.ttmd.org.tr\/tr\/wp-json\/wp\/v2\/types\/page"}],"author":[{"embeddable":true,"href":"https:\/\/symposium.ttmd.org.tr\/tr\/wp-json\/wp\/v2\/users\/1"}],"replies":[{"embeddable":true,"href":"https:\/\/symposium.ttmd.org.tr\/tr\/wp-json\/wp\/v2\/comments?post=6396"}],"version-history":[{"count":8,"href":"https:\/\/symposium.ttmd.org.tr\/tr\/wp-json\/wp\/v2\/pages\/6396\/revisions"}],"predecessor-version":[{"id":6487,"href":"https:\/\/symposium.ttmd.org.tr\/tr\/wp-json\/wp\/v2\/pages\/6396\/revisions\/6487"}],"wp:attachment":[{"href":"https:\/\/symposium.ttmd.org.tr\/tr\/wp-json\/wp\/v2\/media?parent=6396"}],"curies":[{"name":"wp","href":"https:\/\/api.w.org\/{rel}","templated":true}]}}