{"id":5954,"date":"2024-07-09T08:35:17","date_gmt":"2024-07-09T08:35:17","guid":{"rendered":"https:\/\/symposium.ttmd.org.tr\/?page_id=5954"},"modified":"2024-07-09T08:35:17","modified_gmt":"2024-07-09T08:35:17","slug":"committees-2022","status":"publish","type":"page","link":"https:\/\/symposium.ttmd.org.tr\/tr\/committees-2022\/","title":{"rendered":"Committees 2022"},"content":{"rendered":"<p><div class=\"fusion-fullwidth fullwidth-box fusion-builder-row-1 fusion-flex-container has-pattern-background has-mask-background nonhundred-percent-fullwidth non-hundred-percent-height-scrolling\" style=\"--awb-border-radius-top-left:0px;--awb-border-radius-top-right:0px;--awb-border-radius-bottom-right:0px;--awb-border-radius-bottom-left:0px;--awb-padding-top:40px;--awb-padding-bottom:50px;--awb-flex-wrap:wrap;\" ><div class=\"fusion-builder-row fusion-row fusion-flex-align-items-flex-start fusion-flex-content-wrap\" style=\"max-width:1216.8px;margin-left: calc(-4% \/ 2 );margin-right: calc(-4% \/ 2 );\"><\/div><\/div><div class=\"fusion-fullwidth fullwidth-box fusion-builder-row-2 fusion-flex-container has-pattern-background has-mask-background nonhundred-percent-fullwidth non-hundred-percent-height-scrolling\" style=\"--awb-border-radius-top-left:0px;--awb-border-radius-top-right:0px;--awb-border-radius-bottom-right:0px;--awb-border-radius-bottom-left:0px;--awb-flex-wrap:wrap;\" ><div class=\"fusion-builder-row fusion-row fusion-flex-align-items-flex-start fusion-flex-justify-content-center fusion-flex-content-wrap\" style=\"max-width:1216.8px;margin-left: calc(-4% \/ 2 );margin-right: calc(-4% \/ 2 );\"><div class=\"fusion-layout-column fusion_builder_column fusion-builder-column-0 fusion-flex-column\" style=\"--awb-bg-size:cover;--awb-width-large:75%;--awb-margin-top-large:0px;--awb-spacing-right-large:2.56%;--awb-margin-bottom-large:20px;--awb-spacing-left-large:2.56%;--awb-width-medium:100%;--awb-order-medium:0;--awb-spacing-right-medium:1.92%;--awb-spacing-left-medium:1.92%;--awb-width-small:100%;--awb-order-small:0;--awb-spacing-right-small:1.92%;--awb-spacing-left-small:1.92%;\"><div class=\"fusion-column-wrapper fusion-column-has-shadow fusion-flex-justify-content-flex-start fusion-content-layout-column\"><div class=\"fusion-tabs fusion-tabs-1 classic nav-is-justified horizontal-tabs icon-position-left mobile-mode-accordion\" style=\"--awb-title-border-radius-top-left:0px;--awb-title-border-radius-top-right:0px;--awb-title-border-radius-bottom-right:0px;--awb-title-border-radius-bottom-left:0px;--awb-alignment:start;--awb-inactive-color:hsla(var(--awb-color8-h),var(--awb-color8-s),calc( var(--awb-color8-l) + 96% ),var(--awb-color8-a));--awb-background-color:var(--awb-color1);--awb-border-color:var(--awb-color3);--awb-active-border-color:var(--awb-color4);\"><div class=\"nav\"><ul class=\"nav-tabs nav-justified\" role=\"tablist\"><li class=\"active\" role=\"presentation\"><a class=\"tab-link\" data-toggle=\"tab\" role=\"tab\" aria-controls=\"tab-53258a286d27de918c9\" aria-selected=\"true\" id=\"fusion-tab-organizingcommittee\" href=\"#tab-53258a286d27de918c9\"><h4 class=\"fusion-tab-heading\">Organizasyon Kurulu<\/h4><\/a><\/li><li role=\"presentation\"><a class=\"tab-link\" data-toggle=\"tab\" role=\"tab\" aria-controls=\"tab-c3329e5bdd6e8dc4a57\" aria-selected=\"false\" tabindex=\"-1\" id=\"fusion-tab-scientificcommittee\" href=\"#tab-c3329e5bdd6e8dc4a57\"><h4 class=\"fusion-tab-heading\">Bilim Kurulu<\/h4><\/a><\/li><li role=\"presentation\"><a class=\"tab-link\" data-toggle=\"tab\" role=\"tab\" aria-controls=\"tab-93e85cac201288372ae\" aria-selected=\"false\" tabindex=\"-1\" id=\"fusion-tab-advisorycommittee\" href=\"#tab-93e85cac201288372ae\"><h4 class=\"fusion-tab-heading\">Dan\u0131\u015fma Kurulu<\/h4><\/a><\/li><\/ul><\/div><div class=\"tab-content\"><div class=\"nav fusion-mobile-tab-nav\"><ul class=\"nav-tabs nav-justified\" role=\"tablist\"><li class=\"active\" role=\"presentation\"><a class=\"tab-link\" data-toggle=\"tab\" role=\"tab\" aria-controls=\"tab-53258a286d27de918c9\" aria-selected=\"true\" id=\"mobile-fusion-tab-organizingcommittee\" href=\"#tab-53258a286d27de918c9\"><h4 class=\"fusion-tab-heading\">Organizasyon Kurulu<\/h4><\/a><\/li><\/ul><\/div><div class=\"tab-pane fade fusion-clearfix in active\" role=\"tabpanel\" tabindex=\"0\" aria-labelledby=\"fusion-tab-organizingcommittee\" id=\"tab-53258a286d27de918c9\">\n<p>Tuba Bing\u00f6l Alt\u0131ok (Ba\u015fkan)<\/p>\n<p>Ahmet Ar\u0131soy<\/p>\n<p>Beng\u00fcsu G\u00fcr\u00e7ay<\/p>\n<p>Ece Kalayc\u0131o\u011flu \u00d6zdemir<\/p>\n<p>G\u00fclsu Ulukavak Harputlugil<\/p>\n<p>Kaz\u0131m Beceren<\/p>\n<p>Kemal Gani Bayraktar<\/p>\n<p>Meri\u00e7 Sap\u00e7\u0131<\/p>\n<p>Murat \u00c7akan<\/p>\n<p>Ne\u015fe Gani\u00e7 Sa\u011flam<\/p>\n<p>P\u0131nar Kopuz<\/p>\n<p>Sarven \u00c7ilingiro\u011flu<\/p>\n<p>Se\u00e7il K\u0131zanl\u0131k \u0130skender<\/p>\n<p>Simay G\u00f6kmeno\u011flu<\/p>\n<p>Z.Haktan Karadeniz<\/p>\n<\/div><div class=\"nav fusion-mobile-tab-nav\"><ul class=\"nav-tabs nav-justified\" role=\"tablist\"><li role=\"presentation\"><a class=\"tab-link\" data-toggle=\"tab\" role=\"tab\" aria-controls=\"tab-c3329e5bdd6e8dc4a57\" aria-selected=\"false\" tabindex=\"-1\" id=\"mobile-fusion-tab-scientificcommittee\" href=\"#tab-c3329e5bdd6e8dc4a57\"><h4 class=\"fusion-tab-heading\">Bilim Kurulu<\/h4><\/a><\/li><\/ul><\/div><div class=\"tab-pane fade fusion-clearfix\" role=\"tabpanel\" tabindex=\"0\" aria-labelledby=\"fusion-tab-scientificcommittee\" id=\"tab-c3329e5bdd6e8dc4a57\">\n<p>Ahmet Ar\u0131soy (Ba\u015fkan)<\/p>\n<p>Alexander Zhivov<\/p>\n<p>Carsten Rode<\/p>\n<p>Catalin Lungu<\/p>\n<p>Da Yan<\/p>\n<p>Drury B. Crawley<\/p>\n<p>Ece Kalayc\u0131o\u011flu \u00d6zdemir<\/p>\n<p>G\u00fclsu Ulukavak Harputlugil<\/p>\n<p>Halime Paksoy<\/p>\n<p>Hasan Heperkan<\/p>\n<p>Hui Zhang<\/p>\n<p>Ivo Martinac<\/p>\n<p>Jarek Kurnitski<\/p>\n<p>Karsten Voss<\/p>\n<p>Lada Hensen Centrenova<\/p>\n<p>Lidia Morawska<\/p>\n<p>Macit Toksoy<\/p>\n<p>Mehmet Do\u011fan<\/p>\n<p>Meri\u00e7 Sap\u00e7\u0131<\/p>\n<p>Murat \u00c7akan<\/p>\n<p>Ne\u015fe Gani\u00e7 Sa\u011flam<\/p>\n<p>Ongun Berk Kazanc\u0131<\/p>\n<p>Stephanie Taylor<\/p>\n<p>Stephen White<\/p>\n<p>Tiberiu Catalina<\/p>\n<p>Walter T. Grondzik<\/p>\n<p>William Bahnfleht<\/p>\n<p>Yal\u00e7\u0131n Katmer<\/p>\n<p>Z.Haktan Karadeniz<\/p>\n<p>Zerrin Y\u0131lmaz<\/p>\n<\/div><div class=\"nav fusion-mobile-tab-nav\"><ul class=\"nav-tabs nav-justified\" role=\"tablist\"><li role=\"presentation\"><a class=\"tab-link\" data-toggle=\"tab\" role=\"tab\" aria-controls=\"tab-93e85cac201288372ae\" aria-selected=\"false\" tabindex=\"-1\" id=\"mobile-fusion-tab-advisorycommittee\" href=\"#tab-93e85cac201288372ae\"><h4 class=\"fusion-tab-heading\">Dan\u0131\u015fma Kurulu<\/h4><\/a><\/li><\/ul><\/div><div class=\"tab-pane fade fusion-clearfix\" role=\"tabpanel\" tabindex=\"0\" aria-labelledby=\"fusion-tab-advisorycommittee\" id=\"tab-93e85cac201288372ae\">\n<p>Numan \u015eahin<\/p>\n<p>Serdar G\u00fcrel<\/p>\n<p>\u00d6mer Kantaro\u011flu<\/p>\n<p>Erdin\u00e7 Boz<\/p>\n<p>H\u00fcseyin Erdem<\/p>\n<p>Abdullah Bilgin<\/p>\n<p>Cafer \u00dcnl\u00fc<\/p>\n<p>G\u00fcrkan Ar\u0131<\/p>\n<p>Bahri T\u00fcrkmen<\/p>\n<p>Sarven \u00c7ilingiro\u011flu<\/p>\n<p>Birol K\u0131lk\u0131\u015f<\/p>\n<p>Kemal Gani Bayraktar<\/p>\n<p><span style=\"color: #ffffff;\">.<\/span><\/p>\n<p>Ayk Serdar Didonyan<\/p>\n<p>Can \u0130\u015fbilen<\/p>\n<p>Emrullah Eruslu<\/p>\n<p>Hayati Can<\/p>\n<p>\u00d6mer Cihad Vardan<\/p>\n<\/div><\/div><\/div><\/div><\/div><\/div><\/div><\/p>","protected":false},"excerpt":{"rendered":"","protected":false},"author":1,"featured_media":0,"parent":0,"menu_order":0,"comment_status":"closed","ping_status":"closed","template":"100-width.php","meta":{"footnotes":""},"class_list":["post-5954","page","type-page","status-publish","hentry"],"_links":{"self":[{"href":"https:\/\/symposium.ttmd.org.tr\/tr\/wp-json\/wp\/v2\/pages\/5954","targetHints":{"allow":["GET"]}}],"collection":[{"href":"https:\/\/symposium.ttmd.org.tr\/tr\/wp-json\/wp\/v2\/pages"}],"about":[{"href":"https:\/\/symposium.ttmd.org.tr\/tr\/wp-json\/wp\/v2\/types\/page"}],"author":[{"embeddable":true,"href":"https:\/\/symposium.ttmd.org.tr\/tr\/wp-json\/wp\/v2\/users\/1"}],"replies":[{"embeddable":true,"href":"https:\/\/symposium.ttmd.org.tr\/tr\/wp-json\/wp\/v2\/comments?post=5954"}],"version-history":[{"count":2,"href":"https:\/\/symposium.ttmd.org.tr\/tr\/wp-json\/wp\/v2\/pages\/5954\/revisions"}],"predecessor-version":[{"id":6008,"href":"https:\/\/symposium.ttmd.org.tr\/tr\/wp-json\/wp\/v2\/pages\/5954\/revisions\/6008"}],"wp:attachment":[{"href":"https:\/\/symposium.ttmd.org.tr\/tr\/wp-json\/wp\/v2\/media?parent=5954"}],"curies":[{"name":"wp","href":"https:\/\/api.w.org\/{rel}","templated":true}]}}