{"id":5288,"date":"2022-05-30T06:23:36","date_gmt":"2022-05-30T06:23:36","guid":{"rendered":"https:\/\/symposium.ttmd.org.tr\/?page_id=5288"},"modified":"2025-10-13T11:33:56","modified_gmt":"2025-10-13T11:33:56","slug":"info-eng","status":"publish","type":"page","link":"https:\/\/symposium.ttmd.org.tr\/tr\/info-eng\/","title":{"rendered":"Genel Bilgiler"},"content":{"rendered":"<p><div class=\"fusion-fullwidth fullwidth-box fusion-builder-row-1 fusion-flex-container nonhundred-percent-fullwidth non-hundred-percent-height-scrolling\" style=\"--awb-border-radius-top-left:0px;--awb-border-radius-top-right:0px;--awb-border-radius-bottom-right:0px;--awb-border-radius-bottom-left:0px;--awb-padding-top:20px;--awb-padding-bottom:50px;--awb-flex-wrap:wrap;\" ><div class=\"fusion-builder-row fusion-row fusion-flex-align-items-flex-start fusion-flex-content-wrap\" style=\"max-width:1216.8px;margin-left: calc(-4% \/ 2 );margin-right: calc(-4% \/ 2 );\"><div class=\"fusion-layout-column fusion_builder_column fusion-builder-column-0 fusion_builder_column_1_1 1_1 fusion-flex-column\" style=\"--awb-bg-size:cover;--awb-width-large:100%;--awb-margin-top-large:0px;--awb-spacing-right-large:1.92%;--awb-margin-bottom-large:20px;--awb-spacing-left-large:1.92%;--awb-width-medium:100%;--awb-order-medium:0;--awb-spacing-right-medium:1.92%;--awb-spacing-left-medium:1.92%;--awb-width-small:100%;--awb-order-small:0;--awb-spacing-right-small:1.92%;--awb-spacing-left-small:1.92%;\"><div class=\"fusion-column-wrapper fusion-column-has-shadow fusion-flex-justify-content-flex-start fusion-content-layout-column\"><div class=\"fusion-text fusion-text-1\"><p><strong><span style=\"color: #000080;\"><img decoding=\"async\" class=\"lazyload size-full wp-image-5348 alignnone\" src=\"https:\/\/symposium.ttmd.org.tr\/wp-content\/uploads\/2022\/06\/1-01.png\" data-orig-src=\"https:\/\/symposium.ttmd.org.tr\/wp-content\/uploads\/2022\/06\/1-01.png\" alt=\"\" width=\"27\" height=\"28\" srcset=\"data:image\/svg+xml,%3Csvg%20xmlns%3D%27http%3A%2F%2Fwww.w3.org%2F2000%2Fsvg%27%20width%3D%2727%27%20height%3D%2728%27%20viewBox%3D%270%200%2027%2028%27%3E%3Crect%20width%3D%2727%27%20height%3D%2728%27%20fill-opacity%3D%220%22%2F%3E%3C%2Fsvg%3E\" data-srcset=\"https:\/\/symposium.ttmd.org.tr\/wp-content\/uploads\/2022\/06\/1-01-12x12.png 12w, https:\/\/symposium.ttmd.org.tr\/wp-content\/uploads\/2022\/06\/1-01.png 27w\" data-sizes=\"auto\" data-orig-sizes=\"(max-width: 27px) 100vw, 27px\" \/> GENEL B\u0130LG\u0130LER<\/span><\/strong><\/p>\n<hr \/>\n<div align=\"justify\">\n<p><strong>TTMD<\/strong><\/p>\n<p><span data-contrast=\"none\">T\u00fcrk Tesisat M\u00fchendisleri Derne\u011fi (TTMD), binalarda \u0131s\u0131tma, so\u011futma, havaland\u0131rma,\niklimlendirme, s\u0131hhi tesisat, izolasyon ve kontrol alanlar\u0131na y\u00f6nelik mekanik tesisatlara ili\u015fkin\nm\u00fchendislik hizmetlerinin geli\u015ftirilmesi ve iyile\u015ftirilmesi amac\u0131yla 1992 y\u0131l\u0131nda kurulmu\u015ftur.\nBug\u00fcn TTMD, vizyonunu enerji, \u00e7evre ve s\u00fcrd\u00fcr\u00fclebilir yap\u0131l\u0131 \u00e7evre konular\u0131na geni\u015fleterek\ntasar\u0131mc\u0131lar, dan\u0131\u015fmanlar, temsilciler, \u00fcreticiler, montajc\u0131lar, operat\u00f6rler, akademisyenler ve\nkarar vericiler gibi farkl\u0131 disiplinleri temsil eden profesyonellerin ortak hedeflerinin ortak\nplatformu haline geldi.<\/span><span data-ccp-props=\"{\">\u00a0<\/span><\/p>\n<p><span data-contrast=\"none\">TTMD&#039;nin en \u00f6nemli hedefi, ba\u015fta mimar ve m\u00fchendisler olmak \u00fczere profesyonel\nmeslekta\u015flar\u0131m\u0131z\u0131n e\u011fitim ve ara\u015ft\u0131rmalar\u0131na katk\u0131da bulunmakt\u0131r. Dernek bu nihai hedef\ndo\u011frultusunda seminerler ve teknik kurslar d\u00fczenlemekte; \u00e7al\u0131\u015ftaylar, sempozyumlar ve\nkongreler; ulusal ve uluslararas\u0131 uygulamal\u0131 ara\u015ft\u0131rma ve e\u011fitim projeleri y\u00fcr\u00fctmekte,\n\u00fcniversiteler ve \u00e7e\u015fitli ara\u015ft\u0131rma enstit\u00fcleri taraf\u0131ndan y\u00fcr\u00fct\u00fclen ara\u015ft\u0131rma faaliyetlerini\ndesteklemektedir. Bunlar\u0131n yan\u0131 s\u0131ra TTMD, k\u00fcresel \u00f6l\u00e7ekte bilgi payla\u015f\u0131m\u0131 ortak hedefiyle\nkurulan ASHRAE, REHVA ve Climamed gibi uluslararas\u0131 derneklerin de \u00fcye toplulu\u011fudur.<\/span><\/p>\n<\/div>\n<p align=\"justify\"><strong>SEMPOZYUMUN AMACI<\/strong><\/p>\n<p align=\"justify\" class=\"translation-block\">Tesisat M\u00fchendisli\u011fi konusunda \u00e7al\u0131\u015fan ara\u015ft\u0131rmac\u0131, tasar\u0131mc\u0131 ve uygulamac\u0131lar\u0131 bir araya getirerek bilgi al\u0131\u015fveri\u015finde bulunmalar\u0131n\u0131 sa\u011flamak ve \u201cIs\u0131tma\u201d, \u201cSo\u011futma\u201d, \u201cHavaland\u0131rma\u201d, \u201c\u0130klimlendirme\u201d ve \u201cS\u0131hhi Tesisat\u201d alanlar\u0131nda teknolojik geli\u015fmeler ve yeni tasar\u0131m esaslar\u0131n\u0131 tart\u0131\u015fmak amac\u0131yla d\u00fczenlenmektedir.<\/p>\n<\/div><\/div><\/div><\/div><\/div><div class=\"fusion-fullwidth fullwidth-box fusion-builder-row-2 fusion-flex-container fusion-parallax-none nonhundred-percent-fullwidth non-hundred-percent-height-scrolling lazyload\" style=\"--awb-border-radius-top-left:0px;--awb-border-radius-top-right:0px;--awb-border-radius-bottom-right:0px;--awb-border-radius-bottom-left:0px;--awb-background-size:cover;--awb-flex-wrap:wrap;\" data-bg=\"https:\/\/symposium.ttmd.org.tr\/wp-content\/uploads\/2022\/06\/1234-2.jpg\" ><div class=\"fusion-builder-row fusion-row fusion-flex-align-items-flex-start fusion-flex-content-wrap\" style=\"max-width:1216.8px;margin-left: calc(-4% \/ 2 );margin-right: calc(-4% \/ 2 );\"><div class=\"fusion-layout-column fusion_builder_column fusion-builder-column-1 fusion_builder_column_1_1 1_1 fusion-flex-column\" style=\"--awb-bg-size:cover;--awb-width-large:100%;--awb-margin-top-large:0px;--awb-spacing-right-large:1.92%;--awb-margin-bottom-large:20px;--awb-spacing-left-large:1.92%;--awb-width-medium:100%;--awb-order-medium:0;--awb-spacing-right-medium:1.92%;--awb-spacing-left-medium:1.92%;--awb-width-small:100%;--awb-order-small:0;--awb-spacing-right-small:1.92%;--awb-spacing-left-small:1.92%;\"><div class=\"fusion-column-wrapper fusion-column-has-shadow fusion-flex-justify-content-flex-start fusion-content-layout-column\"><div class=\"fusion-separator\" style=\"align-self: center;margin-left: auto;margin-right: auto;width:100%;max-width:70%;\"><div class=\"fusion-separator-border sep-shadow\" style=\"--awb-height:20px;--awb-amount:20px;--awb-sep-color:#dddddd;background:radial-gradient(ellipse at 50% -50% , #dddddd 0px, rgba(255, 255, 255, 0) 80%) repeat scroll 0 0 rgba(0, 0, 0, 0);background:-webkit-radial-gradient(ellipse at 50% -50% , #dddddd 0px, rgba(255, 255, 255, 0) 80%) repeat scroll 0 0 rgba(0, 0, 0, 0);background:-moz-radial-gradient(ellipse at 50% -50% , #dddddd 0px, rgba(255, 255, 255, 0) 80%) repeat scroll 0 0 rgba(0, 0, 0, 0);background:-o-radial-gradient(ellipse at 50% -50% , #dddddd 0px, rgba(255, 255, 255, 0) 80%) repeat scroll 0 0 rgba(0, 0, 0, 0);\"><\/div><\/div><\/div><\/div><div class=\"fusion-layout-column fusion_builder_column fusion-builder-column-2 fusion_builder_column_1_2 1_2 fusion-flex-column\" style=\"--awb-bg-size:cover;--awb-width-large:50%;--awb-margin-top-large:0px;--awb-spacing-right-large:3.84%;--awb-margin-bottom-large:20px;--awb-spacing-left-large:3.84%;--awb-width-medium:100%;--awb-order-medium:0;--awb-spacing-right-medium:1.92%;--awb-spacing-left-medium:1.92%;--awb-width-small:100%;--awb-order-small:0;--awb-spacing-right-small:1.92%;--awb-spacing-left-small:1.92%;\"><div class=\"fusion-column-wrapper fusion-column-has-shadow fusion-flex-justify-content-flex-start fusion-content-layout-column\"><div class=\"fusion-text fusion-text-2\"><h4>Sempozyum \u0130leti\u015fim<\/h4>\n<p>Eventuum<\/p>\n<p><img decoding=\"async\" class=\"lazyload size-full wp-image-5445 alignnone\" src=\"https:\/\/symposium.ttmd.org.tr\/wp-content\/uploads\/2022\/06\/33-01-02.png\" data-orig-src=\"https:\/\/symposium.ttmd.org.tr\/wp-content\/uploads\/2022\/06\/33-01-02.png\" alt=\"\" width=\"32\" height=\"23\" srcset=\"data:image\/svg+xml,%3Csvg%20xmlns%3D%27http%3A%2F%2Fwww.w3.org%2F2000%2Fsvg%27%20width%3D%2732%27%20height%3D%2723%27%20viewBox%3D%270%200%2032%2023%27%3E%3Crect%20width%3D%2732%27%20height%3D%2723%27%20fill-opacity%3D%220%22%2F%3E%3C%2Fsvg%3E\" data-srcset=\"https:\/\/symposium.ttmd.org.tr\/wp-content\/uploads\/2022\/06\/33-01-02-18x12.png 18w, https:\/\/symposium.ttmd.org.tr\/wp-content\/uploads\/2022\/06\/33-01-02.png 32w\" data-sizes=\"auto\" data-orig-sizes=\"(max-width: 32px) 100vw, 32px\" \/>+90 212 258 48 48 (pbx)<\/p>\n<p><img decoding=\"async\" class=\"lazyload size-full wp-image-5447 alignnone\" src=\"https:\/\/symposium.ttmd.org.tr\/wp-content\/uploads\/2022\/06\/33-01-01.png\" data-orig-src=\"https:\/\/symposium.ttmd.org.tr\/wp-content\/uploads\/2022\/06\/33-01-01.png\" alt=\"\" width=\"32\" height=\"23\" srcset=\"data:image\/svg+xml,%3Csvg%20xmlns%3D%27http%3A%2F%2Fwww.w3.org%2F2000%2Fsvg%27%20width%3D%2732%27%20height%3D%2723%27%20viewBox%3D%270%200%2032%2023%27%3E%3Crect%20width%3D%2732%27%20height%3D%2723%27%20fill-opacity%3D%220%22%2F%3E%3C%2Fsvg%3E\" data-srcset=\"https:\/\/symposium.ttmd.org.tr\/wp-content\/uploads\/2022\/06\/33-01-01-18x12.png 18w, https:\/\/symposium.ttmd.org.tr\/wp-content\/uploads\/2022\/06\/33-01-01.png 32w\" data-sizes=\"auto\" data-orig-sizes=\"(max-width: 32px) 100vw, 32px\" \/><a href=\"https:\/\/mail.google.com\/mail\/?view=cm&amp;fs=1&amp;tf=1&amp;to=ttmd@eventuum.net\" target=\"_blank\" rel=\"noopener\">\u00a0ttmd@eventuum.net<\/a><\/p>\n<\/div><\/div><\/div><div class=\"fusion-layout-column fusion_builder_column fusion-builder-column-3 fusion_builder_column_1_2 1_2 fusion-flex-column\" style=\"--awb-bg-size:cover;--awb-width-large:50%;--awb-margin-top-large:0px;--awb-spacing-right-large:3.84%;--awb-margin-bottom-large:20px;--awb-spacing-left-large:3.84%;--awb-width-medium:100%;--awb-order-medium:0;--awb-spacing-right-medium:1.92%;--awb-spacing-left-medium:1.92%;--awb-width-small:100%;--awb-order-small:0;--awb-spacing-right-small:1.92%;--awb-spacing-left-small:1.92%;\"><div class=\"fusion-column-wrapper fusion-column-has-shadow fusion-flex-justify-content-flex-start fusion-content-layout-column\"><div class=\"fusion-text fusion-text-3\"><h4><strong>Sempozyum Organizat\u00f6r\u00fc<\/strong><\/h4>\n<p>T\u00fcrk Tesisat M\u00fchendisleri Derne\u011fi<\/p>\n<p>www.ttmd.org.tr<\/p>\n<h4><strong>Sempozyum Sekreteryas\u0131<\/strong><\/h4>\n<p><a href=\"\/tr\/Bildiri \u00f6zetleri 500 kelimeyi ge\u00e7meyecek \u015fekilde haz\u0131rlanmal\u0131d\u0131r.  Online Bildiri \u00d6zeti g\u00f6nderiminde sorun ya\u015fanmas\u0131 halinde bildiri \u00f6zetleri symposium@ttmd.org.tr adresine de y\u00f6nlendirilebilir.\/\" target=\"_blank\" rel=\"noopener\">E-mail: symposium@ttmd.org.tr<\/a><\/p>\n<\/div><\/div><\/div><\/div><\/div><\/p>","protected":false},"excerpt":{"rendered":"","protected":false},"author":1,"featured_media":0,"parent":0,"menu_order":0,"comment_status":"closed","ping_status":"closed","template":"100-width.php","meta":{"footnotes":""},"class_list":["post-5288","page","type-page","status-publish","hentry"],"_links":{"self":[{"href":"https:\/\/symposium.ttmd.org.tr\/tr\/wp-json\/wp\/v2\/pages\/5288","targetHints":{"allow":["GET"]}}],"collection":[{"href":"https:\/\/symposium.ttmd.org.tr\/tr\/wp-json\/wp\/v2\/pages"}],"about":[{"href":"https:\/\/symposium.ttmd.org.tr\/tr\/wp-json\/wp\/v2\/types\/page"}],"author":[{"embeddable":true,"href":"https:\/\/symposium.ttmd.org.tr\/tr\/wp-json\/wp\/v2\/users\/1"}],"replies":[{"embeddable":true,"href":"https:\/\/symposium.ttmd.org.tr\/tr\/wp-json\/wp\/v2\/comments?post=5288"}],"version-history":[{"count":10,"href":"https:\/\/symposium.ttmd.org.tr\/tr\/wp-json\/wp\/v2\/pages\/5288\/revisions"}],"predecessor-version":[{"id":6230,"href":"https:\/\/symposium.ttmd.org.tr\/tr\/wp-json\/wp\/v2\/pages\/5288\/revisions\/6230"}],"wp:attachment":[{"href":"https:\/\/symposium.ttmd.org.tr\/tr\/wp-json\/wp\/v2\/media?parent=5288"}],"curies":[{"name":"wp","href":"https:\/\/api.w.org\/{rel}","templated":true}]}}