{"id":5831,"date":"2024-07-09T08:36:43","date_gmt":"2024-07-09T08:36:43","guid":{"rendered":"https:\/\/symposium.ttmd.org.tr\/?page_id=5831"},"modified":"2024-07-09T08:36:43","modified_gmt":"2024-07-09T08:36:43","slug":"contact-2022","status":"publish","type":"page","link":"https:\/\/symposium.ttmd.org.tr\/en\/contact-2022\/","title":{"rendered":"Contact 2022"},"content":{"rendered":"<div class=\"fusion-fullwidth fullwidth-box fusion-builder-row-1 fusion-flex-container nonhundred-percent-fullwidth non-hundred-percent-height-scrolling\" style=\"--awb-border-radius-top-left:0px;--awb-border-radius-top-right:0px;--awb-border-radius-bottom-right:0px;--awb-border-radius-bottom-left:0px;--awb-padding-top:20px;--awb-padding-bottom:50px;--awb-flex-wrap:wrap;\" ><div class=\"fusion-builder-row fusion-row fusion-flex-align-items-flex-start fusion-flex-content-wrap\" style=\"max-width:1216.8px;margin-left: calc(-4% \/ 2 );margin-right: calc(-4% \/ 2 );\"><div class=\"fusion-layout-column fusion_builder_column fusion-builder-column-0 fusion_builder_column_1_1 1_1 fusion-flex-column\" style=\"--awb-bg-size:cover;--awb-width-large:100%;--awb-margin-top-large:0px;--awb-spacing-right-large:1.92%;--awb-margin-bottom-large:20px;--awb-spacing-left-large:1.92%;--awb-width-medium:100%;--awb-order-medium:0;--awb-spacing-right-medium:1.92%;--awb-spacing-left-medium:1.92%;--awb-width-small:100%;--awb-order-small:0;--awb-spacing-right-small:1.92%;--awb-spacing-left-small:1.92%;\"><div class=\"fusion-column-wrapper fusion-column-has-shadow fusion-flex-justify-content-flex-start fusion-content-layout-column\"><div class=\"fusion-text fusion-text-1\"><p><strong><span style=\"color: #000080;\"><img decoding=\"async\" class=\"lazyload size-full wp-image-5401 alignnone\" src=\"https:\/\/symposium.ttmd.org.tr\/wp-content\/uploads\/2022\/06\/9271-Donusturulmus-Kurtarilan-02.png\" data-orig-src=\"https:\/\/symposium.ttmd.org.tr\/wp-content\/uploads\/2022\/06\/9271-Donusturulmus-Kurtarilan-02.png\" alt=\"\" width=\"27\" height=\"28\" srcset=\"data:image\/svg+xml,%3Csvg%20xmlns%3D%27http%3A%2F%2Fwww.w3.org%2F2000%2Fsvg%27%20width%3D%2727%27%20height%3D%2728%27%20viewBox%3D%270%200%2027%2028%27%3E%3Crect%20width%3D%2727%27%20height%3D%2728%27%20fill-opacity%3D%220%22%2F%3E%3C%2Fsvg%3E\" data-srcset=\"https:\/\/symposium.ttmd.org.tr\/wp-content\/uploads\/2022\/06\/9271-Donusturulmus-Kurtarilan-02-12x12.png 12w, https:\/\/symposium.ttmd.org.tr\/wp-content\/uploads\/2022\/06\/9271-Donusturulmus-Kurtarilan-02.png 27w\" data-sizes=\"auto\" data-orig-sizes=\"(max-width: 27px) 100vw, 27px\" \/> CONTACT<\/span><\/strong><\/p>\n<hr \/>\n<h4 style=\"text-align: center;\"><strong>Symposium Organizer<\/strong><\/h4>\n<p><img decoding=\"async\" class=\"lazyload aligncenter wp-image-5403 size-full\" src=\"https:\/\/symposium.ttmd.org.tr\/wp-content\/uploads\/2022\/06\/TTMD-english-vectorel-logo-01.png\" data-orig-src=\"https:\/\/symposium.ttmd.org.tr\/wp-content\/uploads\/2022\/06\/TTMD-english-vectorel-logo-01.png\" alt=\"\" width=\"184\" height=\"159\" srcset=\"data:image\/svg+xml,%3Csvg%20xmlns%3D%27http%3A%2F%2Fwww.w3.org%2F2000%2Fsvg%27%20width%3D%27184%27%20height%3D%27159%27%20viewBox%3D%270%200%20184%20159%27%3E%3Crect%20width%3D%27184%27%20height%3D%27159%27%20fill-opacity%3D%220%22%2F%3E%3C%2Fsvg%3E\" data-srcset=\"https:\/\/symposium.ttmd.org.tr\/wp-content\/uploads\/2022\/06\/TTMD-english-vectorel-logo-01-14x12.png 14w, https:\/\/symposium.ttmd.org.tr\/wp-content\/uploads\/2022\/06\/TTMD-english-vectorel-logo-01.png 184w\" data-sizes=\"auto\" data-orig-sizes=\"(max-width: 184px) 100vw, 184px\" \/><\/p>\n<h5 style=\"text-align: center;\" align=\"justify\">Turkish Society of HVAC and Sanitary Engineers<br \/>\nWeb Site: <a href=\"http:\/\/www.ttmd.org.tr\/\" target=\"_blank\" rel=\"noopener\">www.ttmd.org.tr<\/a><br \/>\n<a href=\"http:\/\/www.ttmd.org.tr\/\" target=\"_blank\" rel=\"noopener\">symposium@ttmd.org.tr<\/a><\/h5>\n<hr \/>\n<div align=\"justify\">\n<h4 style=\"text-align: center;\"><strong>Symposium Contact<\/strong><img decoding=\"async\" class=\"lazyload aligncenter size-full wp-image-5402\" src=\"https:\/\/symposium.ttmd.org.tr\/wp-content\/uploads\/2022\/06\/TTMD-english-vectorel-logo-02.png\" data-orig-src=\"https:\/\/symposium.ttmd.org.tr\/wp-content\/uploads\/2022\/06\/TTMD-english-vectorel-logo-02.png\" alt=\"\" width=\"183\" height=\"57\" srcset=\"data:image\/svg+xml,%3Csvg%20xmlns%3D%27http%3A%2F%2Fwww.w3.org%2F2000%2Fsvg%27%20width%3D%27183%27%20height%3D%2757%27%20viewBox%3D%270%200%20183%2057%27%3E%3Crect%20width%3D%27183%27%20height%3D%2757%27%20fill-opacity%3D%220%22%2F%3E%3C%2Fsvg%3E\" data-srcset=\"https:\/\/symposium.ttmd.org.tr\/wp-content\/uploads\/2022\/06\/TTMD-english-vectorel-logo-02-18x6.png 18w, https:\/\/symposium.ttmd.org.tr\/wp-content\/uploads\/2022\/06\/TTMD-english-vectorel-logo-02.png 183w\" data-sizes=\"auto\" data-orig-sizes=\"(max-width: 183px) 100vw, 183px\" \/><\/h4>\n<h5 style=\"text-align: center;\">Y\u0131ld\u0131z Mah. Eski Konak Sok. No:12 K:5 Be\u015fikta\u015f \u0130stanbul<br \/>\n+90 212 258 48 48 (pbx)<br \/>\nFaks: +90 212 258 48 50<br \/>\nE-Mail: ttmd@eventuum.net<\/h5>\n<\/div>\n<\/div><\/div><\/div><\/div><\/div>\n","protected":false},"excerpt":{"rendered":"","protected":false},"author":1,"featured_media":0,"parent":0,"menu_order":0,"comment_status":"closed","ping_status":"closed","template":"100-width.php","meta":{"footnotes":""},"class_list":["post-5831","page","type-page","status-publish","hentry"],"_links":{"self":[{"href":"https:\/\/symposium.ttmd.org.tr\/en\/wp-json\/wp\/v2\/pages\/5831","targetHints":{"allow":["GET"]}}],"collection":[{"href":"https:\/\/symposium.ttmd.org.tr\/en\/wp-json\/wp\/v2\/pages"}],"about":[{"href":"https:\/\/symposium.ttmd.org.tr\/en\/wp-json\/wp\/v2\/types\/page"}],"author":[{"embeddable":true,"href":"https:\/\/symposium.ttmd.org.tr\/en\/wp-json\/wp\/v2\/users\/1"}],"replies":[{"embeddable":true,"href":"https:\/\/symposium.ttmd.org.tr\/en\/wp-json\/wp\/v2\/comments?post=5831"}],"version-history":[{"count":2,"href":"https:\/\/symposium.ttmd.org.tr\/en\/wp-json\/wp\/v2\/pages\/5831\/revisions"}],"predecessor-version":[{"id":6010,"href":"https:\/\/symposium.ttmd.org.tr\/en\/wp-json\/wp\/v2\/pages\/5831\/revisions\/6010"}],"wp:attachment":[{"href":"https:\/\/symposium.ttmd.org.tr\/en\/wp-json\/wp\/v2\/media?parent=5831"}],"curies":[{"name":"wp","href":"https:\/\/api.w.org\/{rel}","templated":true}]}}