{"id":5651,"date":"2022-08-15T08:47:24","date_gmt":"2022-08-15T08:47:24","guid":{"rendered":"https:\/\/symposium.ttmd.org.tr\/?page_id=5651"},"modified":"2024-07-09T08:57:25","modified_gmt":"2024-07-09T08:57:25","slug":"program-22","status":"publish","type":"page","link":"https:\/\/symposium.ttmd.org.tr\/en\/program-22\/","title":{"rendered":"Program"},"content":{"rendered":"<p><div class=\"fusion-fullwidth fullwidth-box fusion-builder-row-1 fusion-flex-container nonhundred-percent-fullwidth non-hundred-percent-height-scrolling\" style=\"--awb-border-radius-top-left:0px;--awb-border-radius-top-right:0px;--awb-border-radius-bottom-right:0px;--awb-border-radius-bottom-left:0px;--awb-padding-top:20px;--awb-padding-bottom:50px;--awb-flex-wrap:wrap;\" ><div class=\"fusion-builder-row fusion-row fusion-flex-align-items-flex-start fusion-flex-content-wrap\" style=\"max-width:1216.8px;margin-left: calc(-4% \/ 2 );margin-right: calc(-4% \/ 2 );\"><div class=\"fusion-layout-column fusion_builder_column fusion-builder-column-0 fusion_builder_column_1_1 1_1 fusion-flex-column\" style=\"--awb-bg-size:cover;--awb-width-large:100%;--awb-margin-top-large:0px;--awb-spacing-right-large:1.92%;--awb-margin-bottom-large:20px;--awb-spacing-left-large:1.92%;--awb-width-medium:100%;--awb-order-medium:0;--awb-spacing-right-medium:1.92%;--awb-spacing-left-medium:1.92%;--awb-width-small:100%;--awb-order-small:0;--awb-spacing-right-small:1.92%;--awb-spacing-left-small:1.92%;\"><div class=\"fusion-column-wrapper fusion-column-has-shadow fusion-flex-justify-content-flex-start fusion-content-layout-column\"><div class=\"fusion-image-element \" style=\"text-align:center;--awb-caption-title-font-family:var(--h2_typography-font-family);--awb-caption-title-font-weight:var(--h2_typography-font-weight);--awb-caption-title-font-style:var(--h2_typography-font-style);--awb-caption-title-size:var(--h2_typography-font-size);--awb-caption-title-transform:var(--h2_typography-text-transform);--awb-caption-title-line-height:var(--h2_typography-line-height);--awb-caption-title-letter-spacing:var(--h2_typography-letter-spacing);\"><span class=\" fusion-imageframe imageframe-none imageframe-1 hover-type-none\"><img decoding=\"async\" width=\"750\" height=\"1030\" src=\"https:\/\/symposium.ttmd.org.tr\/wp-content\/uploads\/2022\/09\/1.jpg\" data-orig-src=\"https:\/\/symposium.ttmd.org.tr\/wp-content\/uploads\/2022\/09\/1.jpg\" alt class=\"lazyload img-responsive wp-image-5803\" srcset=\"data:image\/svg+xml,%3Csvg%20xmlns%3D%27http%3A%2F%2Fwww.w3.org%2F2000%2Fsvg%27%20width%3D%27750%27%20height%3D%271030%27%20viewBox%3D%270%200%20750%201030%27%3E%3Crect%20width%3D%27750%27%20height%3D%271030%27%20fill-opacity%3D%220%22%2F%3E%3C%2Fsvg%3E\" data-srcset=\"https:\/\/symposium.ttmd.org.tr\/wp-content\/uploads\/2022\/09\/1-200x275.jpg 200w, https:\/\/symposium.ttmd.org.tr\/wp-content\/uploads\/2022\/09\/1-400x549.jpg 400w, https:\/\/symposium.ttmd.org.tr\/wp-content\/uploads\/2022\/09\/1-600x824.jpg 600w, https:\/\/symposium.ttmd.org.tr\/wp-content\/uploads\/2022\/09\/1.jpg 750w\" data-sizes=\"auto\" data-orig-sizes=\"(max-width: 1219px) 100vw, (max-width: 640px) 100vw, 750px\" \/><\/span><\/div><div class=\"fusion-separator fusion-full-width-sep\" style=\"align-self: center;margin-left: auto;margin-right: auto;width:100%;\"><div class=\"fusion-separator-border sep-single sep-solid\" style=\"--awb-height:20px;--awb-amount:20px;--awb-sep-color:#000000;border-color:#000000;border-top-width:1px;\"><\/div><\/div><div class=\"fusion-image-element \" style=\"text-align:center;--awb-caption-title-font-family:var(--h2_typography-font-family);--awb-caption-title-font-weight:var(--h2_typography-font-weight);--awb-caption-title-font-style:var(--h2_typography-font-style);--awb-caption-title-size:var(--h2_typography-font-size);--awb-caption-title-transform:var(--h2_typography-text-transform);--awb-caption-title-line-height:var(--h2_typography-line-height);--awb-caption-title-letter-spacing:var(--h2_typography-letter-spacing);\"><span class=\" fusion-imageframe imageframe-none imageframe-2 hover-type-none\"><img decoding=\"async\" width=\"750\" height=\"706\" src=\"https:\/\/symposium.ttmd.org.tr\/wp-content\/uploads\/2022\/09\/2.jpg\" data-orig-src=\"https:\/\/symposium.ttmd.org.tr\/wp-content\/uploads\/2022\/09\/2.jpg\" alt class=\"lazyload img-responsive wp-image-5804\" srcset=\"data:image\/svg+xml,%3Csvg%20xmlns%3D%27http%3A%2F%2Fwww.w3.org%2F2000%2Fsvg%27%20width%3D%27750%27%20height%3D%27706%27%20viewBox%3D%270%200%20750%20706%27%3E%3Crect%20width%3D%27750%27%20height%3D%27706%27%20fill-opacity%3D%220%22%2F%3E%3C%2Fsvg%3E\" data-srcset=\"https:\/\/symposium.ttmd.org.tr\/wp-content\/uploads\/2022\/09\/2-200x188.jpg 200w, https:\/\/symposium.ttmd.org.tr\/wp-content\/uploads\/2022\/09\/2-400x377.jpg 400w, https:\/\/symposium.ttmd.org.tr\/wp-content\/uploads\/2022\/09\/2-600x565.jpg 600w, https:\/\/symposium.ttmd.org.tr\/wp-content\/uploads\/2022\/09\/2.jpg 750w\" data-sizes=\"auto\" data-orig-sizes=\"(max-width: 1219px) 100vw, (max-width: 640px) 100vw, 750px\" \/><\/span><\/div><div class=\"fusion-separator fusion-full-width-sep\" style=\"align-self: center;margin-left: auto;margin-right: auto;width:100%;\"><div class=\"fusion-separator-border sep-single sep-solid\" style=\"--awb-height:20px;--awb-amount:20px;--awb-sep-color:#000000;border-color:#000000;border-top-width:1px;\"><\/div><\/div><div class=\"fusion-image-element \" style=\"text-align:center;--awb-caption-title-font-family:var(--h2_typography-font-family);--awb-caption-title-font-weight:var(--h2_typography-font-weight);--awb-caption-title-font-style:var(--h2_typography-font-style);--awb-caption-title-size:var(--h2_typography-font-size);--awb-caption-title-transform:var(--h2_typography-text-transform);--awb-caption-title-line-height:var(--h2_typography-line-height);--awb-caption-title-letter-spacing:var(--h2_typography-letter-spacing);\"><span class=\" fusion-imageframe imageframe-none imageframe-3 hover-type-none\"><img decoding=\"async\" width=\"750\" height=\"907\" src=\"https:\/\/symposium.ttmd.org.tr\/wp-content\/uploads\/2022\/09\/3.jpg\" data-orig-src=\"https:\/\/symposium.ttmd.org.tr\/wp-content\/uploads\/2022\/09\/3.jpg\" alt class=\"lazyload img-responsive wp-image-5805\" srcset=\"data:image\/svg+xml,%3Csvg%20xmlns%3D%27http%3A%2F%2Fwww.w3.org%2F2000%2Fsvg%27%20width%3D%27750%27%20height%3D%27907%27%20viewBox%3D%270%200%20750%20907%27%3E%3Crect%20width%3D%27750%27%20height%3D%27907%27%20fill-opacity%3D%220%22%2F%3E%3C%2Fsvg%3E\" data-srcset=\"https:\/\/symposium.ttmd.org.tr\/wp-content\/uploads\/2022\/09\/3-200x242.jpg 200w, https:\/\/symposium.ttmd.org.tr\/wp-content\/uploads\/2022\/09\/3-400x484.jpg 400w, https:\/\/symposium.ttmd.org.tr\/wp-content\/uploads\/2022\/09\/3-600x726.jpg 600w, https:\/\/symposium.ttmd.org.tr\/wp-content\/uploads\/2022\/09\/3.jpg 750w\" data-sizes=\"auto\" data-orig-sizes=\"(max-width: 1219px) 100vw, (max-width: 640px) 100vw, 750px\" \/><\/span><\/div><div class=\"fusion-separator fusion-full-width-sep\" style=\"align-self: center;margin-left: auto;margin-right: auto;width:100%;\"><div class=\"fusion-separator-border sep-single sep-solid\" style=\"--awb-height:20px;--awb-amount:20px;--awb-sep-color:#000000;border-color:#000000;border-top-width:1px;\"><\/div><\/div><div class=\"fusion-image-element \" style=\"text-align:center;--awb-caption-title-font-family:var(--h2_typography-font-family);--awb-caption-title-font-weight:var(--h2_typography-font-weight);--awb-caption-title-font-style:var(--h2_typography-font-style);--awb-caption-title-size:var(--h2_typography-font-size);--awb-caption-title-transform:var(--h2_typography-text-transform);--awb-caption-title-line-height:var(--h2_typography-line-height);--awb-caption-title-letter-spacing:var(--h2_typography-letter-spacing);\"><span class=\" fusion-imageframe imageframe-none imageframe-4 hover-type-none\"><img decoding=\"async\" width=\"750\" height=\"727\" src=\"https:\/\/symposium.ttmd.org.tr\/wp-content\/uploads\/2022\/09\/4.jpg\" data-orig-src=\"https:\/\/symposium.ttmd.org.tr\/wp-content\/uploads\/2022\/09\/4.jpg\" alt class=\"lazyload img-responsive wp-image-5806\" srcset=\"data:image\/svg+xml,%3Csvg%20xmlns%3D%27http%3A%2F%2Fwww.w3.org%2F2000%2Fsvg%27%20width%3D%27750%27%20height%3D%27727%27%20viewBox%3D%270%200%20750%20727%27%3E%3Crect%20width%3D%27750%27%20height%3D%27727%27%20fill-opacity%3D%220%22%2F%3E%3C%2Fsvg%3E\" data-srcset=\"https:\/\/symposium.ttmd.org.tr\/wp-content\/uploads\/2022\/09\/4-200x194.jpg 200w, https:\/\/symposium.ttmd.org.tr\/wp-content\/uploads\/2022\/09\/4-400x388.jpg 400w, https:\/\/symposium.ttmd.org.tr\/wp-content\/uploads\/2022\/09\/4-600x582.jpg 600w, https:\/\/symposium.ttmd.org.tr\/wp-content\/uploads\/2022\/09\/4.jpg 750w\" data-sizes=\"auto\" data-orig-sizes=\"(max-width: 1219px) 100vw, (max-width: 640px) 100vw, 750px\" \/><\/span><\/div><\/div><\/div><div class=\"fusion-layout-column fusion_builder_column fusion-builder-column-1 fusion_builder_column_1_1 1_1 fusion-flex-column\" style=\"--awb-bg-size:cover;--awb-width-large:100%;--awb-margin-top-large:0px;--awb-spacing-right-large:1.92%;--awb-margin-bottom-large:20px;--awb-spacing-left-large:1.92%;--awb-width-medium:100%;--awb-order-medium:0;--awb-spacing-right-medium:1.92%;--awb-spacing-left-medium:1.92%;--awb-width-small:100%;--awb-order-small:0;--awb-spacing-right-small:1.92%;--awb-spacing-left-small:1.92%;\"><div class=\"fusion-column-wrapper fusion-column-has-shadow fusion-flex-justify-content-flex-start fusion-content-layout-column\"><div style=\"text-align:center;\"><a class=\"fusion-button button-flat fusion-button-default-size button-custom fusion-button-default button-1 fusion-button-default-span \" style=\"--button_accent_color:var(--awb-color1);--button_accent_hover_color:var(--awb-color1);--button_border_hover_color:var(--awb-color1);--button_gradient_top_color:#20368e;--button_gradient_bottom_color:#20368e;--button_gradient_top_color_hover:var(--awb-color5);--button_gradient_bottom_color_hover:var(--awb-color5);\" target=\"_blank\" rel=\"noopener noreferrer\" href=\"https:\/\/symposium.ttmd.org.tr\/wp-content\/uploads\/2022\/09\/2022_XV_TTMD_Symposium_Program_14.09.pdf\"><i class=\"fa-microphone-alt fas awb-button__icon awb-button__icon--default button-icon-left\" aria-hidden=\"true\"><\/i><span class=\"fusion-button-text awb-button__text awb-button__text--default\">Program<\/span><\/a><\/div><\/div><\/div><div class=\"fusion-layout-column fusion_builder_column fusion-builder-column-2 fusion_builder_column_1_1 1_1 fusion-flex-column\" style=\"--awb-bg-size:cover;--awb-width-large:100%;--awb-margin-top-large:0px;--awb-spacing-right-large:1.92%;--awb-margin-bottom-large:20px;--awb-spacing-left-large:1.92%;--awb-width-medium:100%;--awb-order-medium:0;--awb-spacing-right-medium:1.92%;--awb-spacing-left-medium:1.92%;--awb-width-small:100%;--awb-order-small:0;--awb-spacing-right-small:1.92%;--awb-spacing-left-small:1.92%;\"><div class=\"fusion-column-wrapper fusion-column-has-shadow fusion-flex-justify-content-flex-start fusion-content-layout-column\"><\/div><\/div><\/div><\/div><div class=\"fusion-fullwidth fullwidth-box fusion-builder-row-2 fusion-flex-container fusion-parallax-none nonhundred-percent-fullwidth non-hundred-percent-height-scrolling lazyload\" style=\"--awb-border-radius-top-left:0px;--awb-border-radius-top-right:0px;--awb-border-radius-bottom-right:0px;--awb-border-radius-bottom-left:0px;--awb-background-size:cover;--awb-flex-wrap:wrap;\" data-bg=\"https:\/\/symposium.ttmd.org.tr\/wp-content\/uploads\/2022\/06\/1234-2.jpg\" ><div class=\"fusion-builder-row fusion-row fusion-flex-align-items-flex-start fusion-flex-content-wrap\" style=\"max-width:1216.8px;margin-left: calc(-4% \/ 2 );margin-right: calc(-4% \/ 2 );\"><div class=\"fusion-layout-column fusion_builder_column fusion-builder-column-3 fusion_builder_column_1_1 1_1 fusion-flex-column\" style=\"--awb-bg-size:cover;--awb-width-large:100%;--awb-margin-top-large:0px;--awb-spacing-right-large:1.92%;--awb-margin-bottom-large:20px;--awb-spacing-left-large:1.92%;--awb-width-medium:100%;--awb-order-medium:0;--awb-spacing-right-medium:1.92%;--awb-spacing-left-medium:1.92%;--awb-width-small:100%;--awb-order-small:0;--awb-spacing-right-small:1.92%;--awb-spacing-left-small:1.92%;\"><div class=\"fusion-column-wrapper fusion-column-has-shadow fusion-flex-justify-content-flex-start fusion-content-layout-column\"><div class=\"fusion-separator\" style=\"align-self: center;margin-left: auto;margin-right: auto;width:100%;max-width:70%;\"><div class=\"fusion-separator-border sep-shadow\" style=\"--awb-height:20px;--awb-amount:20px;--awb-sep-color:#dddddd;background:radial-gradient(ellipse at 50% -50% , #dddddd 0px, rgba(255, 255, 255, 0) 80%) repeat scroll 0 0 rgba(0, 0, 0, 0);background:-webkit-radial-gradient(ellipse at 50% -50% , #dddddd 0px, rgba(255, 255, 255, 0) 80%) repeat scroll 0 0 rgba(0, 0, 0, 0);background:-moz-radial-gradient(ellipse at 50% -50% , #dddddd 0px, rgba(255, 255, 255, 0) 80%) repeat scroll 0 0 rgba(0, 0, 0, 0);background:-o-radial-gradient(ellipse at 50% -50% , #dddddd 0px, rgba(255, 255, 255, 0) 80%) repeat scroll 0 0 rgba(0, 0, 0, 0);\"><\/div><\/div><\/div><\/div><div class=\"fusion-layout-column fusion_builder_column fusion-builder-column-4 fusion_builder_column_1_2 1_2 fusion-flex-column\" style=\"--awb-bg-size:cover;--awb-width-large:50%;--awb-margin-top-large:0px;--awb-spacing-right-large:3.84%;--awb-margin-bottom-large:20px;--awb-spacing-left-large:3.84%;--awb-width-medium:100%;--awb-order-medium:0;--awb-spacing-right-medium:1.92%;--awb-spacing-left-medium:1.92%;--awb-width-small:100%;--awb-order-small:0;--awb-spacing-right-small:1.92%;--awb-spacing-left-small:1.92%;\"><div class=\"fusion-column-wrapper fusion-column-has-shadow fusion-flex-justify-content-flex-start fusion-content-layout-column\"><div class=\"fusion-text fusion-text-1\"><h4>Symposium Contact<\/h4>\n<p><img decoding=\"async\" class=\"lazyload size-full wp-image-5444 alignnone\" src=\"https:\/\/symposium.ttmd.org.tr\/wp-content\/uploads\/2022\/06\/33-01-04.png\" data-orig-src=\"https:\/\/symposium.ttmd.org.tr\/wp-content\/uploads\/2022\/06\/33-01-04.png\" alt=\"\" width=\"32\" height=\"23\" srcset=\"data:image\/svg+xml,%3Csvg%20xmlns%3D%27http%3A%2F%2Fwww.w3.org%2F2000%2Fsvg%27%20width%3D%2732%27%20height%3D%2723%27%20viewBox%3D%270%200%2032%2023%27%3E%3Crect%20width%3D%2732%27%20height%3D%2723%27%20fill-opacity%3D%220%22%2F%3E%3C%2Fsvg%3E\" data-srcset=\"https:\/\/symposium.ttmd.org.tr\/wp-content\/uploads\/2022\/06\/33-01-04-18x12.png 18w, https:\/\/symposium.ttmd.org.tr\/wp-content\/uploads\/2022\/06\/33-01-04.png 32w\" data-sizes=\"auto\" data-orig-sizes=\"(max-width: 32px) 100vw, 32px\" \/>\u00a0Y\u0131ld\u0131z Mah. Eski Konak Sok.<br \/>\nNo:12 K:5 Be\u015fikta\u015f \u0130stanbul<\/p>\n<p><img decoding=\"async\" class=\"lazyload size-full wp-image-5445 alignnone\" src=\"https:\/\/symposium.ttmd.org.tr\/wp-content\/uploads\/2022\/06\/33-01-02.png\" data-orig-src=\"https:\/\/symposium.ttmd.org.tr\/wp-content\/uploads\/2022\/06\/33-01-02.png\" alt=\"\" width=\"32\" height=\"23\" srcset=\"data:image\/svg+xml,%3Csvg%20xmlns%3D%27http%3A%2F%2Fwww.w3.org%2F2000%2Fsvg%27%20width%3D%2732%27%20height%3D%2723%27%20viewBox%3D%270%200%2032%2023%27%3E%3Crect%20width%3D%2732%27%20height%3D%2723%27%20fill-opacity%3D%220%22%2F%3E%3C%2Fsvg%3E\" data-srcset=\"https:\/\/symposium.ttmd.org.tr\/wp-content\/uploads\/2022\/06\/33-01-02-18x12.png 18w, https:\/\/symposium.ttmd.org.tr\/wp-content\/uploads\/2022\/06\/33-01-02.png 32w\" data-sizes=\"auto\" data-orig-sizes=\"(max-width: 32px) 100vw, 32px\" \/>+90 212 258 48 48 (pbx)<\/p>\n<p><img decoding=\"async\" class=\"lazyload size-full wp-image-5446 alignnone\" src=\"https:\/\/symposium.ttmd.org.tr\/wp-content\/uploads\/2022\/06\/33-01-03.png\" data-orig-src=\"https:\/\/symposium.ttmd.org.tr\/wp-content\/uploads\/2022\/06\/33-01-03.png\" alt=\"\" width=\"32\" height=\"23\" srcset=\"data:image\/svg+xml,%3Csvg%20xmlns%3D%27http%3A%2F%2Fwww.w3.org%2F2000%2Fsvg%27%20width%3D%2732%27%20height%3D%2723%27%20viewBox%3D%270%200%2032%2023%27%3E%3Crect%20width%3D%2732%27%20height%3D%2723%27%20fill-opacity%3D%220%22%2F%3E%3C%2Fsvg%3E\" data-srcset=\"https:\/\/symposium.ttmd.org.tr\/wp-content\/uploads\/2022\/06\/33-01-03-18x12.png 18w, https:\/\/symposium.ttmd.org.tr\/wp-content\/uploads\/2022\/06\/33-01-03.png 32w\" data-sizes=\"auto\" data-orig-sizes=\"(max-width: 32px) 100vw, 32px\" \/>+90 212 258 48 50<\/p>\n<p><img decoding=\"async\" class=\"lazyload size-full wp-image-5447 alignnone\" src=\"https:\/\/symposium.ttmd.org.tr\/wp-content\/uploads\/2022\/06\/33-01-01.png\" data-orig-src=\"https:\/\/symposium.ttmd.org.tr\/wp-content\/uploads\/2022\/06\/33-01-01.png\" alt=\"\" width=\"32\" height=\"23\" srcset=\"data:image\/svg+xml,%3Csvg%20xmlns%3D%27http%3A%2F%2Fwww.w3.org%2F2000%2Fsvg%27%20width%3D%2732%27%20height%3D%2723%27%20viewBox%3D%270%200%2032%2023%27%3E%3Crect%20width%3D%2732%27%20height%3D%2723%27%20fill-opacity%3D%220%22%2F%3E%3C%2Fsvg%3E\" data-srcset=\"https:\/\/symposium.ttmd.org.tr\/wp-content\/uploads\/2022\/06\/33-01-01-18x12.png 18w, https:\/\/symposium.ttmd.org.tr\/wp-content\/uploads\/2022\/06\/33-01-01.png 32w\" data-sizes=\"auto\" data-orig-sizes=\"(max-width: 32px) 100vw, 32px\" \/><a href=\"https:\/\/mail.google.com\/mail\/?view=cm&amp;fs=1&amp;tf=1&amp;to=ttmd@eventuum.net\" target=\"_blank\" rel=\"noopener\">\u00a0ttmd@eventuum.net<\/a><\/p>\n<\/div><\/div><\/div><div class=\"fusion-layout-column fusion_builder_column fusion-builder-column-5 fusion_builder_column_1_2 1_2 fusion-flex-column\" style=\"--awb-bg-size:cover;--awb-width-large:50%;--awb-margin-top-large:0px;--awb-spacing-right-large:3.84%;--awb-margin-bottom-large:20px;--awb-spacing-left-large:3.84%;--awb-width-medium:100%;--awb-order-medium:0;--awb-spacing-right-medium:1.92%;--awb-spacing-left-medium:1.92%;--awb-width-small:100%;--awb-order-small:0;--awb-spacing-right-small:1.92%;--awb-spacing-left-small:1.92%;\"><div class=\"fusion-column-wrapper fusion-column-has-shadow fusion-flex-justify-content-flex-start fusion-content-layout-column\"><div class=\"fusion-text fusion-text-2\"><h4><strong>Symposium Organizer<\/strong><\/h4>\n<p>T\u00fcrk Tesisat M\u00fchendisleri Derne\u011fi<\/p>\n<p>www.ttmd.org.tr<\/p>\n<h4><strong>Symposium Secretary<\/strong><\/h4>\n<p><a href=\"http:\/\/www.ttmd.org.tr\/\" target=\"_blank\" rel=\"noopener\">symposium@ttmd.org.tr<\/a><\/p>\n<\/div><\/div><\/div><\/div><\/div><\/p>\n","protected":false},"excerpt":{"rendered":"","protected":false},"author":1,"featured_media":0,"parent":0,"menu_order":0,"comment_status":"closed","ping_status":"closed","template":"100-width.php","meta":{"footnotes":""},"class_list":["post-5651","page","type-page","status-publish","hentry"],"_links":{"self":[{"href":"https:\/\/symposium.ttmd.org.tr\/en\/wp-json\/wp\/v2\/pages\/5651","targetHints":{"allow":["GET"]}}],"collection":[{"href":"https:\/\/symposium.ttmd.org.tr\/en\/wp-json\/wp\/v2\/pages"}],"about":[{"href":"https:\/\/symposium.ttmd.org.tr\/en\/wp-json\/wp\/v2\/types\/page"}],"author":[{"embeddable":true,"href":"https:\/\/symposium.ttmd.org.tr\/en\/wp-json\/wp\/v2\/users\/1"}],"replies":[{"embeddable":true,"href":"https:\/\/symposium.ttmd.org.tr\/en\/wp-json\/wp\/v2\/comments?post=5651"}],"version-history":[{"count":22,"href":"https:\/\/symposium.ttmd.org.tr\/en\/wp-json\/wp\/v2\/pages\/5651\/revisions"}],"predecessor-version":[{"id":5654,"href":"https:\/\/symposium.ttmd.org.tr\/en\/wp-json\/wp\/v2\/pages\/5651\/revisions\/5654"}],"wp:attachment":[{"href":"https:\/\/symposium.ttmd.org.tr\/en\/wp-json\/wp\/v2\/media?parent=5651"}],"curies":[{"name":"wp","href":"https:\/\/api.w.org\/{rel}","templated":true}]}}