{"id":5488,"date":"2022-06-14T18:46:18","date_gmt":"2022-06-14T18:46:18","guid":{"rendered":"https:\/\/symposium.ttmd.org.tr\/?page_id=5488"},"modified":"2024-07-09T08:40:39","modified_gmt":"2024-07-09T08:40:39","slug":"dr-carsten-rode22","status":"publish","type":"page","link":"https:\/\/symposium.ttmd.org.tr\/en\/dr-carsten-rode22\/","title":{"rendered":"Dr. Carsten Rode"},"content":{"rendered":"<p><div class=\"fusion-fullwidth fullwidth-box fusion-builder-row-1 fusion-flex-container nonhundred-percent-fullwidth non-hundred-percent-height-scrolling\" style=\"--awb-border-radius-top-left:0px;--awb-border-radius-top-right:0px;--awb-border-radius-bottom-right:0px;--awb-border-radius-bottom-left:0px;--awb-padding-top:20px;--awb-padding-bottom:50px;--awb-flex-wrap:wrap;\" ><div class=\"fusion-builder-row fusion-row fusion-flex-align-items-flex-start fusion-flex-content-wrap\" style=\"max-width:1216.8px;margin-left: calc(-4% \/ 2 );margin-right: calc(-4% \/ 2 );\"><div class=\"fusion-layout-column fusion_builder_column fusion-builder-column-0 fusion_builder_column_1_6 1_6 fusion-flex-column\" style=\"--awb-bg-size:cover;--awb-width-large:16.666666666667%;--awb-margin-top-large:0px;--awb-spacing-right-large:11.52%;--awb-margin-bottom-large:20px;--awb-spacing-left-large:11.52%;--awb-width-medium:100%;--awb-order-medium:0;--awb-spacing-right-medium:1.92%;--awb-spacing-left-medium:1.92%;--awb-width-small:100%;--awb-order-small:0;--awb-spacing-right-small:1.92%;--awb-spacing-left-small:1.92%;\"><div class=\"fusion-column-wrapper fusion-column-has-shadow fusion-flex-justify-content-flex-start fusion-content-layout-column\"><div class=\"fusion-image-element \" style=\"--awb-caption-title-font-family:var(--h2_typography-font-family);--awb-caption-title-font-weight:var(--h2_typography-font-weight);--awb-caption-title-font-style:var(--h2_typography-font-style);--awb-caption-title-size:var(--h2_typography-font-size);--awb-caption-title-transform:var(--h2_typography-text-transform);--awb-caption-title-line-height:var(--h2_typography-line-height);--awb-caption-title-letter-spacing:var(--h2_typography-letter-spacing);\"><span class=\" fusion-imageframe imageframe-dropshadow imageframe-1 hover-type-none\" style=\"-webkit-box-shadow: 3px 3px 7px var(--awb-color8);box-shadow: 3px 3px 7px var(--awb-color8);\"><img decoding=\"async\" width=\"150\" height=\"197\" title=\"carsten\" src=\"data:image\/svg+xml,%3Csvg%20xmlns%3D%27http%3A%2F%2Fwww.w3.org%2F2000%2Fsvg%27%20width%3D%27150%27%20height%3D%27197%27%20viewBox%3D%270%200%20150%20197%27%3E%3Crect%20width%3D%27150%27%20height%3D%27197%27%20fill-opacity%3D%220%22%2F%3E%3C%2Fsvg%3E\" data-orig-src=\"https:\/\/symposium.ttmd.org.tr\/wp-content\/uploads\/2022\/05\/carsten-1.jpg\" alt class=\"lazyload img-responsive wp-image-5254\"\/><\/span><\/div><\/div><\/div><div class=\"fusion-layout-column fusion_builder_column fusion-builder-column-1 fusion_builder_column_5_6 5_6 fusion-flex-column\" style=\"--awb-bg-size:cover;--awb-width-large:83.333333333333%;--awb-margin-top-large:0px;--awb-spacing-right-large:2.304%;--awb-margin-bottom-large:20px;--awb-spacing-left-large:2.304%;--awb-width-medium:100%;--awb-order-medium:0;--awb-spacing-right-medium:1.92%;--awb-spacing-left-medium:1.92%;--awb-width-small:100%;--awb-order-small:0;--awb-spacing-right-small:1.92%;--awb-spacing-left-small:1.92%;\"><div class=\"fusion-column-wrapper fusion-column-has-shadow fusion-flex-justify-content-flex-start fusion-content-layout-column\"><div class=\"fusion-text fusion-text-1\"><h3>Dr. Carsten Rode<\/h3>\n<h4>Technical University of Denmark<\/h4>\n<h4>Biography<\/h4>\n<p>Carsten Rode is a Professor in Building Physics at the Department of Civil Engineering, Technical University of Denmark. He is a specialist in heat, air and moisture transport in buildings, including the indoor environment, energy performance of buildings, durability, and building renovation Prof. Rode is author of MATCH, the first computational model for combined Heat and Moisture transfer in building constructions made available to building designers in practice.<\/p>\n<p>He has numerous experiences from experimental investigations of individual building materials and building envelope structures in the laboratory and in the field. He has experience from participation in several international research projects, e.g. within the IEA, and was Operating Agent of IEA EBC Annex 68, Design and Operational Strategies for High IAQ in Low Energy Buildings (2015-2020). Prof. Rode is president of the International Association of Building Physics (2021-2024)\u00a0\u00a0 <a href=\"https:\/\/symposium.ttmd.org.tr\/speakers\/\"><strong><span style=\"color: #0000ff;\">\u21d0\u00a0back<\/span><\/strong><\/a><\/p>\n<\/div><\/div><\/div><\/div><\/div><div class=\"fusion-fullwidth fullwidth-box fusion-builder-row-2 fusion-flex-container fusion-parallax-none nonhundred-percent-fullwidth non-hundred-percent-height-scrolling lazyload\" style=\"--awb-border-radius-top-left:0px;--awb-border-radius-top-right:0px;--awb-border-radius-bottom-right:0px;--awb-border-radius-bottom-left:0px;--awb-background-size:cover;--awb-flex-wrap:wrap;\" data-bg=\"https:\/\/symposium.ttmd.org.tr\/wp-content\/uploads\/2022\/06\/1234-2.jpg\" ><div class=\"fusion-builder-row fusion-row fusion-flex-align-items-flex-start fusion-flex-content-wrap\" style=\"max-width:1216.8px;margin-left: calc(-4% \/ 2 );margin-right: calc(-4% \/ 2 );\"><div class=\"fusion-layout-column fusion_builder_column fusion-builder-column-2 fusion_builder_column_1_1 1_1 fusion-flex-column\" style=\"--awb-bg-size:cover;--awb-width-large:100%;--awb-margin-top-large:0px;--awb-spacing-right-large:1.92%;--awb-margin-bottom-large:20px;--awb-spacing-left-large:1.92%;--awb-width-medium:100%;--awb-order-medium:0;--awb-spacing-right-medium:1.92%;--awb-spacing-left-medium:1.92%;--awb-width-small:100%;--awb-order-small:0;--awb-spacing-right-small:1.92%;--awb-spacing-left-small:1.92%;\"><div class=\"fusion-column-wrapper fusion-column-has-shadow fusion-flex-justify-content-flex-start fusion-content-layout-column\"><div class=\"fusion-separator\" style=\"align-self: center;margin-left: auto;margin-right: auto;width:100%;max-width:70%;\"><div class=\"fusion-separator-border sep-shadow\" style=\"--awb-height:20px;--awb-amount:20px;--awb-sep-color:#dddddd;background:radial-gradient(ellipse at 50% -50% , #dddddd 0px, rgba(255, 255, 255, 0) 80%) repeat scroll 0 0 rgba(0, 0, 0, 0);background:-webkit-radial-gradient(ellipse at 50% -50% , #dddddd 0px, rgba(255, 255, 255, 0) 80%) repeat scroll 0 0 rgba(0, 0, 0, 0);background:-moz-radial-gradient(ellipse at 50% -50% , #dddddd 0px, rgba(255, 255, 255, 0) 80%) repeat scroll 0 0 rgba(0, 0, 0, 0);background:-o-radial-gradient(ellipse at 50% -50% , #dddddd 0px, rgba(255, 255, 255, 0) 80%) repeat scroll 0 0 rgba(0, 0, 0, 0);\"><\/div><\/div><\/div><\/div><div class=\"fusion-layout-column fusion_builder_column fusion-builder-column-3 fusion_builder_column_1_2 1_2 fusion-flex-column\" style=\"--awb-bg-size:cover;--awb-width-large:50%;--awb-margin-top-large:0px;--awb-spacing-right-large:3.84%;--awb-margin-bottom-large:20px;--awb-spacing-left-large:3.84%;--awb-width-medium:100%;--awb-order-medium:0;--awb-spacing-right-medium:1.92%;--awb-spacing-left-medium:1.92%;--awb-width-small:100%;--awb-order-small:0;--awb-spacing-right-small:1.92%;--awb-spacing-left-small:1.92%;\"><div class=\"fusion-column-wrapper fusion-column-has-shadow fusion-flex-justify-content-flex-start fusion-content-layout-column\"><div class=\"fusion-text fusion-text-2\"><h4>Symposium Contact<\/h4>\n<p><img decoding=\"async\" class=\"lazyload size-full wp-image-5444 alignnone\" src=\"https:\/\/symposium.ttmd.org.tr\/wp-content\/uploads\/2022\/06\/33-01-04.png\" data-orig-src=\"https:\/\/symposium.ttmd.org.tr\/wp-content\/uploads\/2022\/06\/33-01-04.png\" alt=\"\" width=\"32\" height=\"23\" srcset=\"data:image\/svg+xml,%3Csvg%20xmlns%3D%27http%3A%2F%2Fwww.w3.org%2F2000%2Fsvg%27%20width%3D%2732%27%20height%3D%2723%27%20viewBox%3D%270%200%2032%2023%27%3E%3Crect%20width%3D%2732%27%20height%3D%2723%27%20fill-opacity%3D%220%22%2F%3E%3C%2Fsvg%3E\" data-srcset=\"https:\/\/symposium.ttmd.org.tr\/wp-content\/uploads\/2022\/06\/33-01-04-18x12.png 18w, https:\/\/symposium.ttmd.org.tr\/wp-content\/uploads\/2022\/06\/33-01-04.png 32w\" data-sizes=\"auto\" data-orig-sizes=\"(max-width: 32px) 100vw, 32px\" \/>\u00a0Y\u0131ld\u0131z Mah. Eski Konak Sok.<br \/>\nNo:12 K:5 Be\u015fikta\u015f \u0130stanbul<\/p>\n<p><img decoding=\"async\" class=\"lazyload size-full wp-image-5445 alignnone\" src=\"https:\/\/symposium.ttmd.org.tr\/wp-content\/uploads\/2022\/06\/33-01-02.png\" data-orig-src=\"https:\/\/symposium.ttmd.org.tr\/wp-content\/uploads\/2022\/06\/33-01-02.png\" alt=\"\" width=\"32\" height=\"23\" srcset=\"data:image\/svg+xml,%3Csvg%20xmlns%3D%27http%3A%2F%2Fwww.w3.org%2F2000%2Fsvg%27%20width%3D%2732%27%20height%3D%2723%27%20viewBox%3D%270%200%2032%2023%27%3E%3Crect%20width%3D%2732%27%20height%3D%2723%27%20fill-opacity%3D%220%22%2F%3E%3C%2Fsvg%3E\" data-srcset=\"https:\/\/symposium.ttmd.org.tr\/wp-content\/uploads\/2022\/06\/33-01-02-18x12.png 18w, https:\/\/symposium.ttmd.org.tr\/wp-content\/uploads\/2022\/06\/33-01-02.png 32w\" data-sizes=\"auto\" data-orig-sizes=\"(max-width: 32px) 100vw, 32px\" \/>+90 212 258 48 48 (pbx)<\/p>\n<p><img decoding=\"async\" class=\"lazyload size-full wp-image-5446 alignnone\" src=\"https:\/\/symposium.ttmd.org.tr\/wp-content\/uploads\/2022\/06\/33-01-03.png\" data-orig-src=\"https:\/\/symposium.ttmd.org.tr\/wp-content\/uploads\/2022\/06\/33-01-03.png\" alt=\"\" width=\"32\" height=\"23\" srcset=\"data:image\/svg+xml,%3Csvg%20xmlns%3D%27http%3A%2F%2Fwww.w3.org%2F2000%2Fsvg%27%20width%3D%2732%27%20height%3D%2723%27%20viewBox%3D%270%200%2032%2023%27%3E%3Crect%20width%3D%2732%27%20height%3D%2723%27%20fill-opacity%3D%220%22%2F%3E%3C%2Fsvg%3E\" data-srcset=\"https:\/\/symposium.ttmd.org.tr\/wp-content\/uploads\/2022\/06\/33-01-03-18x12.png 18w, https:\/\/symposium.ttmd.org.tr\/wp-content\/uploads\/2022\/06\/33-01-03.png 32w\" data-sizes=\"auto\" data-orig-sizes=\"(max-width: 32px) 100vw, 32px\" \/>+90 212 258 48 50<\/p>\n<p><img decoding=\"async\" class=\"lazyload size-full wp-image-5447 alignnone\" src=\"https:\/\/symposium.ttmd.org.tr\/wp-content\/uploads\/2022\/06\/33-01-01.png\" data-orig-src=\"https:\/\/symposium.ttmd.org.tr\/wp-content\/uploads\/2022\/06\/33-01-01.png\" alt=\"\" width=\"32\" height=\"23\" srcset=\"data:image\/svg+xml,%3Csvg%20xmlns%3D%27http%3A%2F%2Fwww.w3.org%2F2000%2Fsvg%27%20width%3D%2732%27%20height%3D%2723%27%20viewBox%3D%270%200%2032%2023%27%3E%3Crect%20width%3D%2732%27%20height%3D%2723%27%20fill-opacity%3D%220%22%2F%3E%3C%2Fsvg%3E\" data-srcset=\"https:\/\/symposium.ttmd.org.tr\/wp-content\/uploads\/2022\/06\/33-01-01-18x12.png 18w, https:\/\/symposium.ttmd.org.tr\/wp-content\/uploads\/2022\/06\/33-01-01.png 32w\" data-sizes=\"auto\" data-orig-sizes=\"(max-width: 32px) 100vw, 32px\" \/><a href=\"https:\/\/mail.google.com\/mail\/?view=cm&amp;fs=1&amp;tf=1&amp;to=ttmd@eventuum.net\" target=\"_blank\" rel=\"noopener\">\u00a0ttmd@eventuum.net<\/a><\/p>\n<\/div><\/div><\/div><div class=\"fusion-layout-column fusion_builder_column fusion-builder-column-4 fusion_builder_column_1_2 1_2 fusion-flex-column\" style=\"--awb-bg-size:cover;--awb-width-large:50%;--awb-margin-top-large:0px;--awb-spacing-right-large:3.84%;--awb-margin-bottom-large:20px;--awb-spacing-left-large:3.84%;--awb-width-medium:100%;--awb-order-medium:0;--awb-spacing-right-medium:1.92%;--awb-spacing-left-medium:1.92%;--awb-width-small:100%;--awb-order-small:0;--awb-spacing-right-small:1.92%;--awb-spacing-left-small:1.92%;\"><div class=\"fusion-column-wrapper fusion-column-has-shadow fusion-flex-justify-content-flex-start fusion-content-layout-column\"><div class=\"fusion-text fusion-text-3\"><h4><strong>Symposium Organizer<\/strong><\/h4>\n<p>T\u00fcrk Tesisat M\u00fchendisleri Derne\u011fi<\/p>\n<p>www.ttmd.org.tr<\/p>\n<h4><strong>Symposium Secretary<\/strong><\/h4>\n<p><a href=\"http:\/\/www.ttmd.org.tr\/\" target=\"_blank\" rel=\"noopener\">symposium@ttmd.org.tr<\/a><\/p>\n<\/div><\/div><\/div><\/div><\/div><\/p>\n","protected":false},"excerpt":{"rendered":"","protected":false},"author":1,"featured_media":0,"parent":0,"menu_order":0,"comment_status":"closed","ping_status":"closed","template":"100-width.php","meta":{"footnotes":""},"class_list":["post-5488","page","type-page","status-publish","hentry"],"_links":{"self":[{"href":"https:\/\/symposium.ttmd.org.tr\/en\/wp-json\/wp\/v2\/pages\/5488","targetHints":{"allow":["GET"]}}],"collection":[{"href":"https:\/\/symposium.ttmd.org.tr\/en\/wp-json\/wp\/v2\/pages"}],"about":[{"href":"https:\/\/symposium.ttmd.org.tr\/en\/wp-json\/wp\/v2\/types\/page"}],"author":[{"embeddable":true,"href":"https:\/\/symposium.ttmd.org.tr\/en\/wp-json\/wp\/v2\/users\/1"}],"replies":[{"embeddable":true,"href":"https:\/\/symposium.ttmd.org.tr\/en\/wp-json\/wp\/v2\/comments?post=5488"}],"version-history":[{"count":4,"href":"https:\/\/symposium.ttmd.org.tr\/en\/wp-json\/wp\/v2\/pages\/5488\/revisions"}],"predecessor-version":[{"id":5503,"href":"https:\/\/symposium.ttmd.org.tr\/en\/wp-json\/wp\/v2\/pages\/5488\/revisions\/5503"}],"wp:attachment":[{"href":"https:\/\/symposium.ttmd.org.tr\/en\/wp-json\/wp\/v2\/media?parent=5488"}],"curies":[{"name":"wp","href":"https:\/\/api.w.org\/{rel}","templated":true}]}}